{"id":370,"date":"2025-10-18T20:33:20","date_gmt":"2025-10-18T20:33:20","guid":{"rendered":"https:\/\/abogadotarjetasrevolving.com\/?page_id=370"},"modified":"2025-10-24T13:26:34","modified_gmt":"2025-10-24T13:26:34","slug":"politicas-de-cookies","status":"publish","type":"page","link":"https:\/\/abogadotarjetasrevolving.com\/de\/politicas-de-cookies\/","title":{"rendered":"Cookie-Richtlinien"},"content":{"rendered":"<div data-elementor-type=\"wp-page\" data-elementor-id=\"370\" class=\"elementor elementor-370\" data-elementor-post-type=\"page\">\n\t\t\t\t<div class=\"elementor-element elementor-element-4b3f9ee8 e-flex e-con-boxed e-con e-parent\" data-id=\"4b3f9ee8\" data-element_type=\"container\" data-settings=\"{&quot;background_background&quot;:&quot;classic&quot;}\">\n\t\t\t\t\t<div class=\"e-con-inner\">\n\t\t<div class=\"elementor-element elementor-element-12dc5f49 e-flex e-con-boxed e-con e-child\" data-id=\"12dc5f49\" data-element_type=\"container\">\n\t\t\t\t\t<div class=\"e-con-inner\">\n\t\t\t\t<div class=\"elementor-element elementor-element-2e8aacb3 elementor-invisible elementor-widget elementor-widget-heading\" data-id=\"2e8aacb3\" data-element_type=\"widget\" data-settings=\"{&quot;_animation&quot;:&quot;zoomIn&quot;}\" data-widget_type=\"heading.default\">\n\t\t\t\t\t<h1 class=\"elementor-heading-title elementor-size-default\">Cookie-Richtlinien<\/h1>\t\t\t\t<\/div>\n\t\t\t\t<div class=\"elementor-element elementor-element-705e7b33 elementor-invisible elementor-widget elementor-widget-heading\" data-id=\"705e7b33\" data-element_type=\"widget\" data-settings=\"{&quot;_animation&quot;:&quot;zoomInUp&quot;}\" data-widget_type=\"heading.default\">\n\t\t\t\t\t<h4 class=\"elementor-heading-title elementor-size-default\">Wir sch\u00fctzen Ihre personenbezogenen Daten mit vollst\u00e4ndiger Transparenz.<\/h4>\t\t\t\t<\/div>\n\t\t\t\t\t<\/div>\n\t\t\t\t<\/div>\n\t\t\t\t\t<\/div>\n\t\t\t\t<\/div>\n\t\t<div class=\"elementor-element elementor-element-010b756 e-flex e-con-boxed e-con e-parent\" data-id=\"010b756\" data-element_type=\"container\">\n\t\t\t\t\t<div class=\"e-con-inner\">\n\t\t\t\t<div class=\"elementor-element elementor-element-5220648 elementor-invisible elementor-widget elementor-widget-text-editor\" data-id=\"5220648\" data-element_type=\"widget\" data-settings=\"{&quot;_animation&quot;:&quot;fadeIn&quot;}\" data-widget_type=\"text-editor.default\">\n\t\t\t\t\t\t\t\t\t<p data-start=\"7523\" data-end=\"7635\">Diese Cookie-Richtlinie erkl\u00e4rt, was Cookies sind, welche Arten wir im Web verwenden und wie Sie diese konfigurieren k\u00f6nnen.<\/p><p data-start=\"7637\" data-end=\"8023\"><strong data-start=\"7637\" data-end=\"7665\">1. Was sind Cookies?<\/strong><\/p><p data-start=\"7637\" data-end=\"8023\">Cookies sind kleine Dateien, die beim Besuch bestimmter Websites auf Ihr Ger\u00e4t heruntergeladen werden. Sie erm\u00f6glichen unter anderem das Speichern und Abrufen von Informationen \u00fcber Ihr Surfverhalten oder Ihr Ger\u00e4t und k\u00f6nnen, je nach den enthaltenen Informationen und Ihrer Ger\u00e4tenutzung, dazu verwendet werden, Sie wiederzuerkennen.<\/p><p data-start=\"8025\" data-end=\"8373\"><strong data-start=\"8025\" data-end=\"8071\">2. Welche Arten von Cookies verwendet diese Website?<\/strong><\/p><p data-start=\"8025\" data-end=\"8373\">Seit der letzten Aktualisierung dieser Richtlinie verwendet die Website ausschlie\u00dflich technische oder notwendige Cookies, um die Navigation, die Sicherheit und das ordnungsgem\u00e4\u00dfe Funktionieren der Website zu gew\u00e4hrleisten (z. B. Speichern der Sprachpr\u00e4ferenz, Verwaltung der Anmelde- oder Formularsicherheit).<\/p><p data-start=\"8375\" data-end=\"8699\">Wir verwenden keine Analyse- oder Werbe-Cookies ohne Ihre vorherige Einwilligung. Sollten wir diese zuk\u00fcnftig einsetzen (z. B. Google Analytics oder Social-Media-Pixel), werden Sie selbstverst\u00e4ndlich dar\u00fcber informiert, diese Richtlinie wird aktualisiert und Ihre Einwilligung wird \u00fcber das entsprechende Einstellungsbanner eingeholt.<\/p><p data-start=\"8701\" data-end=\"8741\"><strong data-start=\"8701\" data-end=\"8739\">2.1. Technische (notwendige) Cookies<\/strong><\/p><ul data-start=\"8742\" data-end=\"9069\"><li data-start=\"8742\" data-end=\"8835\"><p data-start=\"8744\" data-end=\"8835\"><strong data-start=\"8744\" data-end=\"8758\">Zweck:<\/strong> Aktivieren Sie grundlegende Webfunktionen, Sicherheit und Barrierefreiheit.<\/p><\/li><li data-start=\"8836\" data-end=\"8937\"><p data-start=\"8838\" data-end=\"8937\"><strong data-start=\"8838\" data-end=\"8856\">Rechtsgrundlage:<\/strong> berechtigtes Interesse des Inhabers am Betrieb der Website (Art. 6 Abs. 1 lit. f DSGVO).<\/p><\/li><li data-start=\"8938\" data-end=\"9069\"><p data-start=\"8940\" data-end=\"9069\"><strong data-start=\"8940\" data-end=\"8957\">Erhaltung:<\/strong> w\u00e4hrend der Sitzung und, falls angebracht, f\u00fcr kurze Zeitr\u00e4ume, die f\u00fcr die angegebenen Zwecke unbedingt erforderlich sind.<\/p><\/li><\/ul><p data-start=\"9071\" data-end=\"9184\">G\u00e4ngige Beispiele: Server-Session-Cookies, Lastverteilung, Cookie-Akzeptanz, CSRF-Schutz.<\/p><p data-start=\"9186\" data-end=\"9479\"><strong data-start=\"9186\" data-end=\"9227\">3. Cookie-Verwaltung und -Konfiguration<\/strong><\/p><p data-start=\"9186\" data-end=\"9479\">Sie k\u00f6nnen Cookies in Ihren Browsereinstellungen akzeptieren oder ablehnen. Bitte beachten Sie, dass das Blockieren bestimmter Cookies die Funktionalit\u00e4t der Website beeintr\u00e4chtigen kann. Nachfolgend finden Sie Hilfelinks f\u00fcr die g\u00e4ngigsten Browser:<\/p><ul data-start=\"9480\" data-end=\"9522\"><li data-start=\"9480\" data-end=\"9490\"><p data-start=\"9482\" data-end=\"9490\">Chrom<\/p><\/li><li data-start=\"9491\" data-end=\"9502\"><p data-start=\"9493\" data-end=\"9502\">Firefox<\/p><\/li><li data-start=\"9503\" data-end=\"9511\"><p data-start=\"9505\" data-end=\"9511\">Rand<\/p><\/li><li data-start=\"9512\" data-end=\"9522\"><p data-start=\"9514\" data-end=\"9522\">Safari<\/p><\/li><\/ul><p data-start=\"9524\" data-end=\"9600\">(Aktuelle Informationen finden Sie in der Hilfe Ihres Browsers.).<\/p><p data-start=\"9602\" data-end=\"9802\"><strong data-start=\"9602\" data-end=\"9639\">4. Internationale \u00dcberweisungen<\/strong><\/p><p data-start=\"9602\" data-end=\"9802\">F\u00fcr den Fall, dass wir Cookies von Drittanbietern verwenden, die au\u00dferhalb des EWR gesetzt wurden, werden geeignete Schutzma\u00dfnahmen gem\u00e4\u00df Artikel 44 ff. der DSGVO getroffen.<\/p><p data-start=\"9804\" data-end=\"10032\"><strong data-start=\"9804\" data-end=\"9850\">5. Aktualisierung der Cookie-Richtlinie<\/strong><\/p><p data-start=\"9804\" data-end=\"10032\">Wir k\u00f6nnen diese Richtlinie aktualisieren, um rechtlichen oder technischen \u00c4nderungen Rechnung zu tragen. Bei wesentlichen \u00c4nderungen werden wir den Nutzer auf der Website deutlich sichtbar informieren.<\/p><p data-start=\"10034\" data-end=\"10091\"><strong data-start=\"10034\" data-end=\"10068\">Letzte Aktualisierung:<\/strong> 24. Oktober 2025.<\/p>\t\t\t\t\t\t\t\t<\/div>\n\t\t\t\t\t<\/div>\n\t\t\t\t<\/div>\n\t\t\t\t<\/div>","protected":false},"excerpt":{"rendered":"<p>Protegemos tus datos personales con total transparencia. Esta Pol\u00edtica de Cookies explica qu\u00e9 son las cookies, qu\u00e9 tipos utilizamos en la Web y c\u00f3mo puede configurarlas. 1. \u00bfQu\u00e9 son las cookies? Las cookies son peque\u00f1os archivos que se descargan en su dispositivo al acceder a determinadas p\u00e1ginas web. Permiten, entre otras cosas, guardar y recuperar [&hellip;]<\/p>","protected":false},"author":1,"featured_media":0,"parent":0,"menu_order":0,"comment_status":"closed","ping_status":"closed","template":"elementor_header_footer","meta":{"_joinchat":[],"footnotes":""},"class_list":["post-370","page","type-page","status-publish","hentry"],"_links":{"self":[{"href":"https:\/\/abogadotarjetasrevolving.com\/de\/wp-json\/wp\/v2\/pages\/370","targetHints":{"allow":["GET"]}}],"collection":[{"href":"https:\/\/abogadotarjetasrevolving.com\/de\/wp-json\/wp\/v2\/pages"}],"about":[{"href":"https:\/\/abogadotarjetasrevolving.com\/de\/wp-json\/wp\/v2\/types\/page"}],"author":[{"embeddable":true,"href":"https:\/\/abogadotarjetasrevolving.com\/de\/wp-json\/wp\/v2\/users\/1"}],"replies":[{"embeddable":true,"href":"https:\/\/abogadotarjetasrevolving.com\/de\/wp-json\/wp\/v2\/comments?post=370"}],"version-history":[{"count":13,"href":"https:\/\/abogadotarjetasrevolving.com\/de\/wp-json\/wp\/v2\/pages\/370\/revisions"}],"predecessor-version":[{"id":573,"href":"https:\/\/abogadotarjetasrevolving.com\/de\/wp-json\/wp\/v2\/pages\/370\/revisions\/573"}],"wp:attachment":[{"href":"https:\/\/abogadotarjetasrevolving.com\/de\/wp-json\/wp\/v2\/media?parent=370"}],"curies":[{"name":"wp","href":"https:\/\/api.w.org\/{rel}","templated":true}]}}