{"id":378,"date":"2025-10-18T20:34:52","date_gmt":"2025-10-18T20:34:52","guid":{"rendered":"https:\/\/abogadotarjetasrevolving.com\/?page_id=378"},"modified":"2025-10-24T13:28:05","modified_gmt":"2025-10-24T13:28:05","slug":"aviso-legal","status":"publish","type":"page","link":"https:\/\/abogadotarjetasrevolving.com\/de\/aviso-legal\/","title":{"rendered":"Rechtliche Hinweise"},"content":{"rendered":"<div data-elementor-type=\"wp-page\" data-elementor-id=\"378\" class=\"elementor elementor-378\" data-elementor-post-type=\"page\">\n\t\t\t\t<div class=\"elementor-element elementor-element-4b3f9ee8 e-flex e-con-boxed e-con e-parent\" data-id=\"4b3f9ee8\" data-element_type=\"container\" data-settings=\"{&quot;background_background&quot;:&quot;classic&quot;}\">\n\t\t\t\t\t<div class=\"e-con-inner\">\n\t\t<div class=\"elementor-element elementor-element-12dc5f49 e-flex e-con-boxed e-con e-child\" data-id=\"12dc5f49\" data-element_type=\"container\">\n\t\t\t\t\t<div class=\"e-con-inner\">\n\t\t\t\t<div class=\"elementor-element elementor-element-2e8aacb3 elementor-invisible elementor-widget elementor-widget-heading\" data-id=\"2e8aacb3\" data-element_type=\"widget\" data-settings=\"{&quot;_animation&quot;:&quot;zoomIn&quot;}\" data-widget_type=\"heading.default\">\n\t\t\t\t\t<h1 class=\"elementor-heading-title elementor-size-default\">Rechtliche Hinweise<\/h1>\t\t\t\t<\/div>\n\t\t\t\t<div class=\"elementor-element elementor-element-705e7b33 elementor-invisible elementor-widget elementor-widget-heading\" data-id=\"705e7b33\" data-element_type=\"widget\" data-settings=\"{&quot;_animation&quot;:&quot;zoomInUp&quot;}\" data-widget_type=\"heading.default\">\n\t\t\t\t\t<h4 class=\"elementor-heading-title elementor-size-default\">Wir sch\u00fctzen Ihre personenbezogenen Daten mit vollst\u00e4ndiger Transparenz.<\/h4>\t\t\t\t<\/div>\n\t\t\t\t\t<\/div>\n\t\t\t\t<\/div>\n\t\t\t\t\t<\/div>\n\t\t\t\t<\/div>\n\t\t<div class=\"elementor-element elementor-element-010b756 e-flex e-con-boxed e-con e-parent\" data-id=\"010b756\" data-element_type=\"container\">\n\t\t\t\t\t<div class=\"e-con-inner\">\n\t\t\t\t<div class=\"elementor-element elementor-element-5220648 elementor-invisible elementor-widget elementor-widget-text-editor\" data-id=\"5220648\" data-element_type=\"widget\" data-settings=\"{&quot;_animation&quot;:&quot;fadeIn&quot;}\" data-widget_type=\"text-editor.default\">\n\t\t\t\t\t\t\t\t\t<p data-start=\"277\" data-end=\"682\"><strong data-start=\"277\" data-end=\"303\">Website-Inhaber:<\/strong> Adoraci\u00f3n Taboada Gavil\u00e1n (im Folgenden der \u201cEigent\u00fcmer\u201d)<br data-start=\"357\" data-end=\"360\" \/><strong data-start=\"360\" data-end=\"368\">NIF:<\/strong> 78728891-Y<br data-start=\"379\" data-end=\"382\" \/><strong data-start=\"382\" data-end=\"396\">Heim:<\/strong> Paseo Milicias de Garachico, Nr. 5, Edf. San Francisco, Etage 1, B\u00fcro 4, 38001 \u2013 Santa Cruz de Teneriffa (Spanien)<br data-start=\"514\" data-end=\"517\" \/><strong data-start=\"517\" data-end=\"528\">E-Mail:<\/strong> <a class=\"decorated-link\" href=\"mailto:consumo.bo2lex@gmail.com\" rel=\"noopener\" data-start=\"529\" data-end=\"588\">consumption.bo2lex@gmail.com<\/a><br data-start=\"588\" data-end=\"591\" \/><strong data-start=\"591\" data-end=\"603\">Domain:<\/strong> <a class=\"decorated-link\" href=\"https:\/\/abogadotarjetasrevolving.com\/de\/\" target=\"_new\" rel=\"noopener\" data-start=\"604\" data-end=\"682\">https:\/\/abogadotarjetasrevolving.com\/<\/a><\/p><p data-start=\"684\" data-end=\"875\">Diese rechtlichen Hinweise regeln den Zugriff auf und die Nutzung der Website (nachfolgend \u201cWebsite\u201d). Durch den Zugriff auf und\/oder die Nutzung der Website erlangen Sie den Status eines Nutzers und erkl\u00e4ren sich mit diesen rechtlichen Hinweisen einverstanden.<\/p><p data-start=\"877\" data-end=\"1120\"><strong data-start=\"877\" data-end=\"913\">1. Gegenstand und Anwendungsbereich der Anwendung<\/strong><\/p><p data-start=\"877\" data-end=\"1120\">Zweck dieser Website ist es, Informationen und Rechtsdienstleistungen im Zusammenhang mit Anspr\u00fcchen bez\u00fcglich revolvierender Kreditkarten, Finanzprodukten und dem Verbraucherschutz gegen\u00fcber Finanzinstituten anzubieten.<\/p><p data-start=\"1122\" data-end=\"1554\"><strong data-start=\"1122\" data-end=\"1147\">2. Nutzungsbedingungen<\/strong><\/p><p data-start=\"1122\" data-end=\"1554\">Der Nutzer stimmt Folgendem zu:<br data-start=\"1177\" data-end=\"1180\" \/>(i) keine unerlaubten, illegalen oder gegen Treu und Glauben und die \u00f6ffentliche Ordnung versto\u00dfenden T\u00e4tigkeiten auszuf\u00fchren;<br data-start=\"1273\" data-end=\"1276\" \/>(ii) keine Inhalte oder Propaganda rassistischer, fremdenfeindlicher, pornografischer oder illegaler Natur, keine Rechtfertigung f\u00fcr Terrorismus oder Angriffe auf die Menschenrechte zu verbreiten;<br data-start=\"1438\" data-end=\"1441\" \/>(iii) keinen Schaden an den physischen und logischen Systemen des Eigent\u00fcmers, seiner Lieferanten oder Dritter zu verursachen.<\/p><p data-start=\"1556\" data-end=\"2069\"><strong data-start=\"1556\" data-end=\"1597\">3. Geistiges und gewerbliches Eigentum<\/strong><\/p><p data-start=\"1556\" data-end=\"2069\">Alle Inhalte dieser Website (Texte, Fotos, Grafiken, Logos, Icons, Software, Grafikdesign usw.) sind Eigentum des Inhabers oder Dritter, die die Nutzung genehmigt haben. Jegliche Vervielf\u00e4ltigung, Verbreitung, \u00f6ffentliche Wiedergabe, Bearbeitung oder sonstige Nutzung ist ohne die ausdr\u00fcckliche Genehmigung des Inhabers untersagt. Die unbefugte Nutzung der Informationen und Materialien dieser Website kann rechtliche Schritte nach sich ziehen.<\/p><p data-start=\"2071\" data-end=\"2442\"><strong data-start=\"2071\" data-end=\"2085\">4. Links<\/strong><\/p><p data-start=\"2071\" data-end=\"2442\">Die Website kann Links zu Websites Dritter enthalten. Der Betreiber \u00fcbernimmt keine Verantwortung f\u00fcr die Inhalte, Informationen oder Dienstleistungen, die auf diesen Websites erscheinen. Diese dienen ausschlie\u00dflich Informationszwecken und implizieren in keiner Weise eine Beziehung, Billigung oder Empfehlung zwischen dem Betreiber und den Personen oder Organisationen, denen diese Inhalte geh\u00f6ren oder die sie betreiben.<\/p><p data-start=\"2444\" data-end=\"2862\"><strong data-start=\"2444\" data-end=\"2466\">5. Verantwortung<\/strong><\/p><p data-start=\"2444\" data-end=\"2862\">Der Eigent\u00fcmer garantiert weder die Verf\u00fcgbarkeit, noch die Kontinuit\u00e4t oder Fehlerfreiheit des Betriebs der Website und schlie\u00dft daher, soweit dies nach geltendem Recht zul\u00e4ssig ist, jegliche Haftung f\u00fcr Sch\u00e4den jeglicher Art aus, die auf die mangelnde Verf\u00fcgbarkeit oder den fehlenden Kontinuit\u00e4t des Betriebs der Website und der darin angebotenen Dienste zur\u00fcckzuf\u00fchren sind.<\/p><p data-start=\"2864\" data-end=\"3210\"><strong data-start=\"2864\" data-end=\"2905\">6. Anwendbare Vorschriften und Zust\u00e4ndigkeit<\/strong><\/p><p data-start=\"2864\" data-end=\"3210\">Dieser Rechtshinweis unterliegt spanischem Recht. F\u00fcr alle Streitigkeiten, die sich aus dem Zugriff auf oder der Nutzung der Website ergeben, unterwirft sich der Nutzer der Gerichtsbarkeit der Gerichte von Santa Cruz de Tenerife, sofern nicht durch Verbraucherschutz- und Nutzungsbestimmungen ein anderer zwingender Gerichtsstand festgelegt ist.<\/p>\t\t\t\t\t\t\t\t<\/div>\n\t\t\t\t\t<\/div>\n\t\t\t\t<\/div>\n\t\t\t\t<\/div>","protected":false},"excerpt":{"rendered":"<p>Protegemos tus datos personales con total transparencia. Titular del sitio web: Adoraci\u00f3n Taboada Gavil\u00e1n (en adelante, el \u201cTitular\u201d)NIF: 78728891-YDomicilio: Paseo Milicias de Garachico, n\u00fam. 5, Edf. San Francisco, Planta 1, Oficina 4, 38001 \u2013 Santa Cruz de Tenerife (Espa\u00f1a)Correo: consumo.bo2lex@gmail.comDominio: https:\/\/abogadotarjetasrevolving.com\/ El presente Aviso Legal regula el acceso y uso del sitio web (en adelante, [&hellip;]<\/p>","protected":false},"author":1,"featured_media":0,"parent":0,"menu_order":0,"comment_status":"closed","ping_status":"closed","template":"elementor_header_footer","meta":{"_joinchat":[],"footnotes":""},"class_list":["post-378","page","type-page","status-publish","hentry"],"_links":{"self":[{"href":"https:\/\/abogadotarjetasrevolving.com\/de\/wp-json\/wp\/v2\/pages\/378","targetHints":{"allow":["GET"]}}],"collection":[{"href":"https:\/\/abogadotarjetasrevolving.com\/de\/wp-json\/wp\/v2\/pages"}],"about":[{"href":"https:\/\/abogadotarjetasrevolving.com\/de\/wp-json\/wp\/v2\/types\/page"}],"author":[{"embeddable":true,"href":"https:\/\/abogadotarjetasrevolving.com\/de\/wp-json\/wp\/v2\/users\/1"}],"replies":[{"embeddable":true,"href":"https:\/\/abogadotarjetasrevolving.com\/de\/wp-json\/wp\/v2\/comments?post=378"}],"version-history":[{"count":13,"href":"https:\/\/abogadotarjetasrevolving.com\/de\/wp-json\/wp\/v2\/pages\/378\/revisions"}],"predecessor-version":[{"id":576,"href":"https:\/\/abogadotarjetasrevolving.com\/de\/wp-json\/wp\/v2\/pages\/378\/revisions\/576"}],"wp:attachment":[{"href":"https:\/\/abogadotarjetasrevolving.com\/de\/wp-json\/wp\/v2\/media?parent=378"}],"curies":[{"name":"wp","href":"https:\/\/api.w.org\/{rel}","templated":true}]}}