{"id":60,"date":"2025-10-18T15:34:24","date_gmt":"2025-10-18T15:34:24","guid":{"rendered":"https:\/\/abogadotarjetasrevolving.com\/?page_id=60"},"modified":"2025-10-24T13:24:41","modified_gmt":"2025-10-24T13:24:41","slug":"politicas-de-privacidad","status":"publish","type":"page","link":"https:\/\/abogadotarjetasrevolving.com\/de\/politicas-de-privacidad\/","title":{"rendered":"Datenschutzrichtlinien"},"content":{"rendered":"<div data-elementor-type=\"wp-page\" data-elementor-id=\"60\" class=\"elementor elementor-60\" data-elementor-post-type=\"page\">\n\t\t\t\t<div class=\"elementor-element elementor-element-4b3f9ee8 e-flex e-con-boxed e-con e-parent\" data-id=\"4b3f9ee8\" data-element_type=\"container\" data-settings=\"{&quot;background_background&quot;:&quot;classic&quot;}\">\n\t\t\t\t\t<div class=\"e-con-inner\">\n\t\t<div class=\"elementor-element elementor-element-12dc5f49 e-flex e-con-boxed e-con e-child\" data-id=\"12dc5f49\" data-element_type=\"container\">\n\t\t\t\t\t<div class=\"e-con-inner\">\n\t\t\t\t<div class=\"elementor-element elementor-element-2e8aacb3 elementor-invisible elementor-widget elementor-widget-heading\" data-id=\"2e8aacb3\" data-element_type=\"widget\" data-settings=\"{&quot;_animation&quot;:&quot;zoomIn&quot;}\" data-widget_type=\"heading.default\">\n\t\t\t\t\t<h1 class=\"elementor-heading-title elementor-size-default\">Datenschutzrichtlinien<\/h1>\t\t\t\t<\/div>\n\t\t\t\t<div class=\"elementor-element elementor-element-705e7b33 elementor-invisible elementor-widget elementor-widget-heading\" data-id=\"705e7b33\" data-element_type=\"widget\" data-settings=\"{&quot;_animation&quot;:&quot;zoomInUp&quot;}\" data-widget_type=\"heading.default\">\n\t\t\t\t\t<h4 class=\"elementor-heading-title elementor-size-default\">Wir sch\u00fctzen Ihre personenbezogenen Daten mit vollst\u00e4ndiger Transparenz.<\/h4>\t\t\t\t<\/div>\n\t\t\t\t\t<\/div>\n\t\t\t\t<\/div>\n\t\t\t\t\t<\/div>\n\t\t\t\t<\/div>\n\t\t<div class=\"elementor-element elementor-element-010b756 e-flex e-con-boxed e-con e-parent\" data-id=\"010b756\" data-element_type=\"container\">\n\t\t\t\t\t<div class=\"e-con-inner\">\n\t\t\t\t<div class=\"elementor-element elementor-element-5220648 elementor-invisible elementor-widget elementor-widget-text-editor\" data-id=\"5220648\" data-element_type=\"widget\" data-settings=\"{&quot;_animation&quot;:&quot;fadeIn&quot;}\" data-widget_type=\"text-editor.default\">\n\t\t\t\t\t\t\t\t\t<p data-start=\"3245\" data-end=\"3534\"><strong data-start=\"3245\" data-end=\"3277\">Verantwortlicher f\u00fcr die Datenverarbeitung:<\/strong> Anbetung Taboada Gavil\u00e1n<br data-start=\"3303\" data-end=\"3306\" \/><strong data-start=\"3306\" data-end=\"3314\">NIF:<\/strong> 78728891-Y<br data-start=\"3325\" data-end=\"3328\" \/><strong data-start=\"3328\" data-end=\"3342\">Heim:<\/strong> Paseo Milicias de Garachico, Nr. 5, Edf. San Francisco, Etage 1, B\u00fcro 4, 38001 \u2013 Santa Cruz de Teneriffa (Spanien)<br data-start=\"3460\" data-end=\"3463\" \/><strong data-start=\"3463\" data-end=\"3474\">E-Mail:<\/strong> <a class=\"decorated-link\" href=\"mailto:consumo.bo2lex@gmail.com\" rel=\"noopener\" data-start=\"3475\" data-end=\"3534\">consumption.bo2lex@gmail.com<\/a><\/p><p data-start=\"3536\" data-end=\"3676\">Diese Richtlinie erl\u00e4utert, wie wir personenbezogene Daten von Nutzern gem\u00e4\u00df der Verordnung (EU) 2016\/679 (DSGVO) und dem LOPDGDD 3\/2018 verarbeiten.<\/p><p data-start=\"3678\" data-end=\"3758\"><strong data-start=\"3678\" data-end=\"3703\">1. Daten, die wir verarbeiten<\/strong><\/p><p data-start=\"3678\" data-end=\"3758\">Wir k\u00f6nnen folgende Datenkategorien verarbeiten:<\/p><ul data-start=\"3759\" data-end=\"4103\"><li data-start=\"3759\" data-end=\"3818\"><p data-start=\"3761\" data-end=\"3818\">Kontaktinformationen: Name und Nachname, E-Mail-Adresse, Telefonnummer.<\/p><\/li><li data-start=\"3819\" data-end=\"3977\"><p data-start=\"3821\" data-end=\"3977\">Anfragedaten: Informationen, die der Nutzer uns in Formularen oder per E-Mail \u00fcbermittelt (z. B. Kartenaussteller, Datum, Dokumentation).<\/p><\/li><li data-start=\"3978\" data-end=\"4103\"><p data-start=\"3980\" data-end=\"4103\">Technische Daten: IP-Adresse, Ger\u00e4te-IDs, Protokolle und notwendige technische Cookies (siehe Cookie-Richtlinie).<\/p><\/li><\/ul><p data-start=\"4105\" data-end=\"4141\"><strong data-start=\"4105\" data-end=\"4139\">2. Zwecke der Verarbeitung<\/strong><\/p><ul data-start=\"4142\" data-end=\"4650\"><li data-start=\"4142\" data-end=\"4266\"><p data-start=\"4144\" data-end=\"4266\">Zur Bearbeitung von Anfragen und Verwaltung von Informations- oder Fallbewertungsanforderungen, die \u00fcber Formulare oder E-Mails eingereicht werden.<\/p><\/li><li data-start=\"4267\" data-end=\"4388\"><p data-start=\"4269\" data-end=\"4388\">Bereitstellung von Rechtsdienstleistungen und Management von beruflichen Auftr\u00e4gen, einschlie\u00dflich vorgerichtlicher und gerichtlicher Verfahren.<\/p><\/li><li data-start=\"4389\" data-end=\"4559\"><p data-start=\"4391\" data-end=\"4559\">Informative Mitteilungen im Zusammenhang mit der angeforderten Dienstleistung oder mit rechtlichen Aktualisierungen, die in direktem Zusammenhang mit Ihrer Anfrage stehen (ohne aggressive kommerzielle Zwecke).<\/p><\/li><li data-start=\"4560\" data-end=\"4650\"><p data-start=\"4562\" data-end=\"4650\">Einhaltung gesetzlicher Bestimmungen (gegebenenfalls Verhinderung von Geldw\u00e4sche, Steuer- und Buchhaltungsvorschriften).<\/p><\/li><\/ul><p data-start=\"4652\" data-end=\"4673\"><strong data-start=\"4652\" data-end=\"4671\">3. Legitimation<\/strong><\/p><ul data-start=\"4674\" data-end=\"5077\"><li data-start=\"4674\" data-end=\"4778\"><p data-start=\"4676\" data-end=\"4778\">Einwilligung des Nutzers (Art. 6 Abs. 1 Buchst. a DSGVO) zur Beantwortung von Anfragen, die \u00fcber Formulare\/E-Mail eingehen.<\/p><\/li><li data-start=\"4779\" data-end=\"4890\"><p data-start=\"4781\" data-end=\"4890\">Die Durchf\u00fchrung eines Vertrags oder vorvertraglicher Ma\u00dfnahmen (Art. 6 Abs. 1 Buchst. b DSGVO) zur Abwicklung des professionellen Auftrags.<\/p><\/li><li data-start=\"4891\" data-end=\"4950\"><p data-start=\"4893\" data-end=\"4950\">Einhaltung der rechtlichen Verpflichtungen (Art. 6 Abs. 1 Buchst. c DSGVO).<\/p><\/li><li data-start=\"4951\" data-end=\"5077\"><p data-start=\"4953\" data-end=\"5077\">Berechtigtes Interesse (Art. 6 Abs. 1 lit. f DSGVO) an der Aufrechterhaltung der Sicherheit des Internets, der Verhinderung von Betrug und der Verbesserung der Servicequalit\u00e4t.<\/p><\/li><\/ul><p data-start=\"5079\" data-end=\"5527\"><strong data-start=\"5079\" data-end=\"5108\">4. Lagerfristen<\/strong><\/p><p data-start=\"5079\" data-end=\"5527\">Wir speichern Ihre Daten so lange, wie es zur Bearbeitung Ihrer Anfrage erforderlich ist. Bei einer Auftragserteilung werden Ihre Daten f\u00fcr die Dauer der Auftragserteilung und nach deren Beendigung f\u00fcr die gesetzlichen Verj\u00e4hrungsfristen f\u00fcr rechtliche Verpflichtungen und\/oder berufliche Haftung (zwischen 5 und 10 Jahren, je nach Sachverhalt) gespeichert. Daten, die mit technischen Cookies verkn\u00fcpft sind, werden gem\u00e4\u00df unserer Cookie-Richtlinie gespeichert.<\/p><p data-start=\"5529\" data-end=\"5551\"><strong data-start=\"5529\" data-end=\"5549\">5. Empf\u00e4nger<\/strong><\/p><ul data-start=\"5552\" data-end=\"5909\"><li data-start=\"5552\" data-end=\"5758\"><p data-start=\"5554\" data-end=\"5758\">Technologieanbieter (Webhosting, E-Mail, Office-Tools), die als Auftragsverarbeiter gem\u00e4\u00df Artikel 28 DSGVO fungieren, mit Vertr\u00e4gen, die Vertraulichkeit und Sicherheit gew\u00e4hrleisten.<\/p><\/li><li data-start=\"5759\" data-end=\"5909\"><p data-start=\"5761\" data-end=\"5909\">\u00d6ffentliche Verwaltungen und Justizbeh\u00f6rden, wenn eine rechtliche Verpflichtung oder Anforderung besteht.<br data-start=\"5855\" data-end=\"5858\" \/>Die Daten werden nicht zu kommerziellen Zwecken an Dritte weitergegeben.<\/p><\/li><\/ul><p data-start=\"5911\" data-end=\"6223\"><strong data-start=\"5911\" data-end=\"5948\">6. Internationale \u00dcberweisungen<\/strong><\/p><p data-start=\"5911\" data-end=\"6223\">Wenn unsere Technologieanbieter au\u00dferhalb des Europ\u00e4ischen Wirtschaftsraums ans\u00e4ssig sind, werden wir geeignete Garantien ergreifen (z. B. von der Europ\u00e4ischen Kommission genehmigte Standardvertragsklauseln) oder das Vorliegen eines Angemessenheitsbeschlusses \u00fcberpr\u00fcfen (Art. 45\u201346 DSGVO).<\/p><p data-start=\"6225\" data-end=\"6592\"><strong data-start=\"6225\" data-end=\"6256\">7. Rechte von Personen<\/strong><\/p><p data-start=\"6225\" data-end=\"6592\">Sie k\u00f6nnen Ihre Rechte auf Auskunft, Berichtigung, L\u00f6schung, Widerspruch, Einschr\u00e4nkung der Verarbeitung und Daten\u00fcbertragbarkeit aus\u00fcben, indem Sie uns unter der angegebenen E-Mail-Adresse kontaktieren. Sie haben au\u00dferdem das Recht, Ihre Einwilligung jederzeit zu widerrufen, sofern die Verarbeitung auf Ihrer Einwilligung beruht, ohne dass die Rechtm\u00e4\u00dfigkeit der aufgrund der Einwilligung bis zum Widerruf erfolgten Verarbeitung ber\u00fchrt wird.<\/p><p data-start=\"6594\" data-end=\"6771\">Wenn Sie der Ansicht sind, dass Ihre Rechte nicht gewahrt wurden, k\u00f6nnen Sie eine Beschwerde bei der spanischen Datenschutzbeh\u00f6rde (AEPD) einreichen unter <a class=\"decorated-link\" href=\"http:\/\/www.aepd.es\" target=\"_new\" rel=\"noopener\" data-start=\"6737\" data-end=\"6770\">www.aepd.es<\/a>.<\/p><p data-start=\"6773\" data-end=\"7041\"><strong data-start=\"6773\" data-end=\"6789\">8. Sicherheit<\/strong><\/p><p data-start=\"6773\" data-end=\"7041\">Wir setzen geeignete technische und organisatorische Ma\u00dfnahmen ein, um ein dem Risiko angemessenes Sicherheitsniveau zu gew\u00e4hrleisten. Dabei ber\u00fccksichtigen wir den Stand der Technik, die Implementierungskosten sowie Art, Umfang, Kontext und Zweck der Verarbeitung.<\/p><p data-start=\"7043\" data-end=\"7259\"><strong data-start=\"7043\" data-end=\"7057\">9. Minderj\u00e4hrige<\/strong><\/p><p data-start=\"7043\" data-end=\"7259\">Unsere Dienste richten sich nicht an Kinder unter 14 Jahren. Sollten wir feststellen, dass Daten von Minderj\u00e4hrigen ohne g\u00fcltige Einwilligung verarbeitet werden, werden wir diese Daten umgehend und sorgf\u00e4ltig l\u00f6schen.<\/p><p data-start=\"7261\" data-end=\"7491\"><strong data-start=\"7261\" data-end=\"7286\">10. Daten von Drittanbietern<\/strong><\/p><p data-start=\"7261\" data-end=\"7491\">Der Nutzer garantiert, dass die angegebenen Daten korrekt, aktuell und wahrheitsgem\u00e4\u00df sind und dass er im Falle der Angabe von Daten Dritter deren Zustimmung eingeholt und diese \u00fcber diese Datenschutzrichtlinie informiert hat.<\/p>\t\t\t\t\t\t\t\t<\/div>\n\t\t\t\t\t<\/div>\n\t\t\t\t<\/div>\n\t\t\t\t<\/div>","protected":false},"excerpt":{"rendered":"<p>Protegemos tus datos personales con total transparencia. Responsable del tratamiento: Adoraci\u00f3n Taboada Gavil\u00e1nNIF: 78728891-YDomicilio: Paseo Milicias de Garachico, n\u00fam. 5, Edf. San Francisco, Planta 1, Oficina 4, 38001 \u2013 Santa Cruz de Tenerife (Espa\u00f1a)Correo: consumo.bo2lex@gmail.com Esta pol\u00edtica explica c\u00f3mo tratamos los datos personales de los usuarios, conforme al Reglamento (UE) 2016\/679 (RGPD) y a la [&hellip;]<\/p>","protected":false},"author":1,"featured_media":0,"parent":0,"menu_order":0,"comment_status":"closed","ping_status":"closed","template":"elementor_header_footer","meta":{"_joinchat":[],"footnotes":""},"class_list":["post-60","page","type-page","status-publish","hentry"],"_links":{"self":[{"href":"https:\/\/abogadotarjetasrevolving.com\/de\/wp-json\/wp\/v2\/pages\/60","targetHints":{"allow":["GET"]}}],"collection":[{"href":"https:\/\/abogadotarjetasrevolving.com\/de\/wp-json\/wp\/v2\/pages"}],"about":[{"href":"https:\/\/abogadotarjetasrevolving.com\/de\/wp-json\/wp\/v2\/types\/page"}],"author":[{"embeddable":true,"href":"https:\/\/abogadotarjetasrevolving.com\/de\/wp-json\/wp\/v2\/users\/1"}],"replies":[{"embeddable":true,"href":"https:\/\/abogadotarjetasrevolving.com\/de\/wp-json\/wp\/v2\/comments?post=60"}],"version-history":[{"count":28,"href":"https:\/\/abogadotarjetasrevolving.com\/de\/wp-json\/wp\/v2\/pages\/60\/revisions"}],"predecessor-version":[{"id":570,"href":"https:\/\/abogadotarjetasrevolving.com\/de\/wp-json\/wp\/v2\/pages\/60\/revisions\/570"}],"wp:attachment":[{"href":"https:\/\/abogadotarjetasrevolving.com\/de\/wp-json\/wp\/v2\/media?parent=60"}],"curies":[{"name":"wp","href":"https:\/\/api.w.org\/{rel}","templated":true}]}}