{"id":378,"date":"2025-10-18T20:34:52","date_gmt":"2025-10-18T20:34:52","guid":{"rendered":"https:\/\/abogadotarjetasrevolving.com\/?page_id=378"},"modified":"2025-10-24T13:28:05","modified_gmt":"2025-10-24T13:28:05","slug":"aviso-legal","status":"publish","type":"page","link":"https:\/\/abogadotarjetasrevolving.com\/fr\/aviso-legal\/","title":{"rendered":"Mentions l\u00e9gales"},"content":{"rendered":"<div data-elementor-type=\"wp-page\" data-elementor-id=\"378\" class=\"elementor elementor-378\" data-elementor-post-type=\"page\">\n\t\t\t\t<div class=\"elementor-element elementor-element-4b3f9ee8 e-flex e-con-boxed e-con e-parent\" data-id=\"4b3f9ee8\" data-element_type=\"container\" data-settings=\"{&quot;background_background&quot;:&quot;classic&quot;}\">\n\t\t\t\t\t<div class=\"e-con-inner\">\n\t\t<div class=\"elementor-element elementor-element-12dc5f49 e-flex e-con-boxed e-con e-child\" data-id=\"12dc5f49\" data-element_type=\"container\">\n\t\t\t\t\t<div class=\"e-con-inner\">\n\t\t\t\t<div class=\"elementor-element elementor-element-2e8aacb3 elementor-invisible elementor-widget elementor-widget-heading\" data-id=\"2e8aacb3\" data-element_type=\"widget\" data-settings=\"{&quot;_animation&quot;:&quot;zoomIn&quot;}\" data-widget_type=\"heading.default\">\n\t\t\t\t\t<h1 class=\"elementor-heading-title elementor-size-default\">Mentions l\u00e9gales<\/h1>\t\t\t\t<\/div>\n\t\t\t\t<div class=\"elementor-element elementor-element-705e7b33 elementor-invisible elementor-widget elementor-widget-heading\" data-id=\"705e7b33\" data-element_type=\"widget\" data-settings=\"{&quot;_animation&quot;:&quot;zoomInUp&quot;}\" data-widget_type=\"heading.default\">\n\t\t\t\t\t<h4 class=\"elementor-heading-title elementor-size-default\">Nous prot\u00e9geons vos donn\u00e9es personnelles en toute transparence.<\/h4>\t\t\t\t<\/div>\n\t\t\t\t\t<\/div>\n\t\t\t\t<\/div>\n\t\t\t\t\t<\/div>\n\t\t\t\t<\/div>\n\t\t<div class=\"elementor-element elementor-element-010b756 e-flex e-con-boxed e-con e-parent\" data-id=\"010b756\" data-element_type=\"container\">\n\t\t\t\t\t<div class=\"e-con-inner\">\n\t\t\t\t<div class=\"elementor-element elementor-element-5220648 elementor-invisible elementor-widget elementor-widget-text-editor\" data-id=\"5220648\" data-element_type=\"widget\" data-settings=\"{&quot;_animation&quot;:&quot;fadeIn&quot;}\" data-widget_type=\"text-editor.default\">\n\t\t\t\t\t\t\t\t\t<p data-start=\"277\" data-end=\"682\"><strong data-start=\"277\" data-end=\"303\">Propri\u00e9taire du site web :<\/strong> Adoraci\u00f3n Taboada Gavil\u00e1n (ci-apr\u00e8s, le \u201c Propri\u00e9taire \u201d)<br data-start=\"357\" data-end=\"360\" \/><strong data-start=\"360\" data-end=\"368\">NIF\u00a0:<\/strong> 78728891-Y<br data-start=\"379\" data-end=\"382\" \/><strong data-start=\"382\" data-end=\"396\">Maison:<\/strong> Paseo Milicias de Garachico, n\u00b0 5, Edf. San Francisco, \u00e9tage 1, bureau 4, 38001 \u2013 Santa Cruz de Tenerife (Espagne)<br data-start=\"514\" data-end=\"517\" \/><strong data-start=\"517\" data-end=\"528\">Mail:<\/strong> <a class=\"decorated-link\" href=\"mailto:consumo.bo2lex@gmail.com\" rel=\"noopener\" data-start=\"529\" data-end=\"588\">consommation.bo2lex@gmail.com<\/a><br data-start=\"588\" data-end=\"591\" \/><strong data-start=\"591\" data-end=\"603\">Domaine:<\/strong> <a class=\"decorated-link\" href=\"https:\/\/abogadotarjetasrevolving.com\/fr\/\" target=\"_new\" rel=\"noopener\" data-start=\"604\" data-end=\"682\">https:\/\/abogadotarjetasrevolving.com\/<\/a><\/p><p data-start=\"684\" data-end=\"875\">Les pr\u00e9sentes mentions l\u00e9gales r\u00e9gissent l\u2019acc\u00e8s au site web (ci-apr\u00e8s d\u00e9nomm\u00e9 le \u201c\u00a0Site web\u00a0\u201d) et son utilisation. L\u2019acc\u00e8s au Site web et\/ou son utilisation conf\u00e8rent le statut d\u2019utilisateur et impliquent l\u2019acceptation des pr\u00e9sentes mentions l\u00e9gales.<\/p><p data-start=\"877\" data-end=\"1120\"><strong data-start=\"877\" data-end=\"913\">1. Objet et port\u00e9e de l&#039;application<\/strong><\/p><p data-start=\"877\" data-end=\"1120\">Ce site web a pour but d&#039;offrir des informations et des services juridiques relatifs aux r\u00e9clamations concernant les cartes de cr\u00e9dit renouvelables, les produits financiers et la protection des consommateurs contre les institutions financi\u00e8res.<\/p><p data-start=\"1122\" data-end=\"1554\"><strong data-start=\"1122\" data-end=\"1147\">2. Conditions d&#039;utilisation<\/strong><\/p><p data-start=\"1122\" data-end=\"1554\">L&#039;Utilisateur accepte\u00a0:<br data-start=\"1177\" data-end=\"1180\" \/>(i) ne pas se livrer \u00e0 des activit\u00e9s illicites, ill\u00e9gales ou contraires \u00e0 la bonne foi et \u00e0 l\u2019ordre public ;<br data-start=\"1273\" data-end=\"1276\" \/>(ii) ne pas diffuser de contenu ou de propagande \u00e0 caract\u00e8re raciste, x\u00e9nophobe, pornographique et ill\u00e9gal, faisant l&#039;apologie du terrorisme ou constituant une attaque contre les droits de l&#039;homme ;<br data-start=\"1438\" data-end=\"1441\" \/>(iii) ne pas causer de dommages aux syst\u00e8mes physiques et logiques du Propri\u00e9taire, de ses fournisseurs ou de tiers.<\/p><p data-start=\"1556\" data-end=\"2069\"><strong data-start=\"1556\" data-end=\"1597\">3. Propri\u00e9t\u00e9 intellectuelle et industrielle<\/strong><\/p><p data-start=\"1556\" data-end=\"2069\">L&#039;ensemble du contenu de ce site web (textes, photographies, graphismes, logos, ic\u00f4nes, logiciels, \u00e9l\u00e9ments graphiques, etc.) est la propri\u00e9t\u00e9 du propri\u00e9taire ou de tiers ayant autoris\u00e9 son utilisation. Toute reproduction, distribution, communication publique, transformation ou autre exploitation est interdite sans l&#039;autorisation expresse du propri\u00e9taire. Toute utilisation non autoris\u00e9e des informations et \u00e9l\u00e9ments pr\u00e9sents sur ce site web est susceptible d&#039;entra\u00eener des poursuites judiciaires.<\/p><p data-start=\"2071\" data-end=\"2442\"><strong data-start=\"2071\" data-end=\"2085\">4. Liens<\/strong><\/p><p data-start=\"2071\" data-end=\"2442\">Le site web peut contenir des liens vers des sites tiers. Le propri\u00e9taire d\u00e9cline toute responsabilit\u00e9 quant au contenu, aux informations ou aux services propos\u00e9s sur ces sites, lesquels sont fournis \u00e0 titre informatif uniquement et n&#039;impliquent en aucun cas une relation, une approbation ou un soutien entre le propri\u00e9taire et les personnes ou entit\u00e9s qui poss\u00e8dent ou exploitent ce contenu.<\/p><p data-start=\"2444\" data-end=\"2862\"><strong data-start=\"2444\" data-end=\"2466\">5. Responsabilit\u00e9<\/strong><\/p><p data-start=\"2444\" data-end=\"2862\">Le propri\u00e9taire ne garantit pas la disponibilit\u00e9, la continuit\u00e9 ou l&#039;infaillibilit\u00e9 du fonctionnement du site web et exclut par cons\u00e9quent, dans toute la mesure permise par la l\u00e9gislation en vigueur, toute responsabilit\u00e9 pour les dommages de toute nature qui pourraient \u00eatre dus \u00e0 l&#039;indisponibilit\u00e9 ou \u00e0 l&#039;interruption du fonctionnement du site web et des services qui y sont propos\u00e9s.<\/p><p data-start=\"2864\" data-end=\"3210\"><strong data-start=\"2864\" data-end=\"2905\">6. R\u00e9glementation applicable et juridiction comp\u00e9tente<\/strong><\/p><p data-start=\"2864\" data-end=\"3210\">Les pr\u00e9sentes mentions l\u00e9gales sont r\u00e9gies par le droit espagnol. Tout litige relatif \u00e0 l&#039;acc\u00e8s au Site Web ou \u00e0 son utilisation rel\u00e8ve de la comp\u00e9tence des tribunaux de Santa Cruz de Tenerife, sauf si la r\u00e9glementation applicable aux consommateurs pr\u00e9voit une autre juridiction comp\u00e9tente.<\/p>\t\t\t\t\t\t\t\t<\/div>\n\t\t\t\t\t<\/div>\n\t\t\t\t<\/div>\n\t\t\t\t<\/div>","protected":false},"excerpt":{"rendered":"<p>Protegemos tus datos personales con total transparencia. Titular del sitio web: Adoraci\u00f3n Taboada Gavil\u00e1n (en adelante, el \u201cTitular\u201d)NIF: 78728891-YDomicilio: Paseo Milicias de Garachico, n\u00fam. 5, Edf. San Francisco, Planta 1, Oficina 4, 38001 \u2013 Santa Cruz de Tenerife (Espa\u00f1a)Correo: consumo.bo2lex@gmail.comDominio: https:\/\/abogadotarjetasrevolving.com\/ El presente Aviso Legal regula el acceso y uso del sitio web (en adelante, [&hellip;]<\/p>","protected":false},"author":1,"featured_media":0,"parent":0,"menu_order":0,"comment_status":"closed","ping_status":"closed","template":"elementor_header_footer","meta":{"_joinchat":[],"footnotes":""},"class_list":["post-378","page","type-page","status-publish","hentry"],"_links":{"self":[{"href":"https:\/\/abogadotarjetasrevolving.com\/fr\/wp-json\/wp\/v2\/pages\/378","targetHints":{"allow":["GET"]}}],"collection":[{"href":"https:\/\/abogadotarjetasrevolving.com\/fr\/wp-json\/wp\/v2\/pages"}],"about":[{"href":"https:\/\/abogadotarjetasrevolving.com\/fr\/wp-json\/wp\/v2\/types\/page"}],"author":[{"embeddable":true,"href":"https:\/\/abogadotarjetasrevolving.com\/fr\/wp-json\/wp\/v2\/users\/1"}],"replies":[{"embeddable":true,"href":"https:\/\/abogadotarjetasrevolving.com\/fr\/wp-json\/wp\/v2\/comments?post=378"}],"version-history":[{"count":13,"href":"https:\/\/abogadotarjetasrevolving.com\/fr\/wp-json\/wp\/v2\/pages\/378\/revisions"}],"predecessor-version":[{"id":576,"href":"https:\/\/abogadotarjetasrevolving.com\/fr\/wp-json\/wp\/v2\/pages\/378\/revisions\/576"}],"wp:attachment":[{"href":"https:\/\/abogadotarjetasrevolving.com\/fr\/wp-json\/wp\/v2\/media?parent=378"}],"curies":[{"name":"wp","href":"https:\/\/api.w.org\/{rel}","templated":true}]}}