{"id":60,"date":"2025-10-18T15:34:24","date_gmt":"2025-10-18T15:34:24","guid":{"rendered":"https:\/\/abogadotarjetasrevolving.com\/?page_id=60"},"modified":"2025-10-24T13:24:41","modified_gmt":"2025-10-24T13:24:41","slug":"politicas-de-privacidad","status":"publish","type":"page","link":"https:\/\/abogadotarjetasrevolving.com\/fr\/politicas-de-privacidad\/","title":{"rendered":"Politiques de confidentialit\u00e9"},"content":{"rendered":"<div data-elementor-type=\"wp-page\" data-elementor-id=\"60\" class=\"elementor elementor-60\" data-elementor-post-type=\"page\">\n\t\t\t\t<div class=\"elementor-element elementor-element-4b3f9ee8 e-flex e-con-boxed e-con e-parent\" data-id=\"4b3f9ee8\" data-element_type=\"container\" data-settings=\"{&quot;background_background&quot;:&quot;classic&quot;}\">\n\t\t\t\t\t<div class=\"e-con-inner\">\n\t\t<div class=\"elementor-element elementor-element-12dc5f49 e-flex e-con-boxed e-con e-child\" data-id=\"12dc5f49\" data-element_type=\"container\">\n\t\t\t\t\t<div class=\"e-con-inner\">\n\t\t\t\t<div class=\"elementor-element elementor-element-2e8aacb3 elementor-invisible elementor-widget elementor-widget-heading\" data-id=\"2e8aacb3\" data-element_type=\"widget\" data-settings=\"{&quot;_animation&quot;:&quot;zoomIn&quot;}\" data-widget_type=\"heading.default\">\n\t\t\t\t\t<h1 class=\"elementor-heading-title elementor-size-default\">Politiques de confidentialit\u00e9<\/h1>\t\t\t\t<\/div>\n\t\t\t\t<div class=\"elementor-element elementor-element-705e7b33 elementor-invisible elementor-widget elementor-widget-heading\" data-id=\"705e7b33\" data-element_type=\"widget\" data-settings=\"{&quot;_animation&quot;:&quot;zoomInUp&quot;}\" data-widget_type=\"heading.default\">\n\t\t\t\t\t<h4 class=\"elementor-heading-title elementor-size-default\">Nous prot\u00e9geons vos donn\u00e9es personnelles en toute transparence.<\/h4>\t\t\t\t<\/div>\n\t\t\t\t\t<\/div>\n\t\t\t\t<\/div>\n\t\t\t\t\t<\/div>\n\t\t\t\t<\/div>\n\t\t<div class=\"elementor-element elementor-element-010b756 e-flex e-con-boxed e-con e-parent\" data-id=\"010b756\" data-element_type=\"container\">\n\t\t\t\t\t<div class=\"e-con-inner\">\n\t\t\t\t<div class=\"elementor-element elementor-element-5220648 elementor-invisible elementor-widget elementor-widget-text-editor\" data-id=\"5220648\" data-element_type=\"widget\" data-settings=\"{&quot;_animation&quot;:&quot;fadeIn&quot;}\" data-widget_type=\"text-editor.default\">\n\t\t\t\t\t\t\t\t\t<p data-start=\"3245\" data-end=\"3534\"><strong data-start=\"3245\" data-end=\"3277\">Responsable du traitement des donn\u00e9es :<\/strong> Adoration Taboada Gavil\u00e1n<br data-start=\"3303\" data-end=\"3306\" \/><strong data-start=\"3306\" data-end=\"3314\">NIF\u00a0:<\/strong> 78728891-Y<br data-start=\"3325\" data-end=\"3328\" \/><strong data-start=\"3328\" data-end=\"3342\">Maison:<\/strong> Paseo Milicias de Garachico, n\u00b0 5, Edf. San Francisco, \u00e9tage 1, bureau 4, 38001 \u2013 Santa Cruz de Tenerife (Espagne)<br data-start=\"3460\" data-end=\"3463\" \/><strong data-start=\"3463\" data-end=\"3474\">Mail:<\/strong> <a class=\"decorated-link\" href=\"mailto:consumo.bo2lex@gmail.com\" rel=\"noopener\" data-start=\"3475\" data-end=\"3534\">consommation.bo2lex@gmail.com<\/a><\/p><p data-start=\"3536\" data-end=\"3676\">Cette politique explique comment nous traitons les donn\u00e9es personnelles des utilisateurs, conform\u00e9ment au R\u00e8glement (UE) 2016\/679 (RGPD) et \u00e0 la LOPDGDD 3\/2018.<\/p><p data-start=\"3678\" data-end=\"3758\"><strong data-start=\"3678\" data-end=\"3703\">1. Donn\u00e9es que nous traitons<\/strong><\/p><p data-start=\"3678\" data-end=\"3758\">Nous pouvons traiter les cat\u00e9gories de donn\u00e9es suivantes\u00a0:<\/p><ul data-start=\"3759\" data-end=\"4103\"><li data-start=\"3759\" data-end=\"3818\"><p data-start=\"3761\" data-end=\"3818\">Coordonn\u00e9es : nom et pr\u00e9nom, adresse \u00e9lectronique, num\u00e9ro de t\u00e9l\u00e9phone.<\/p><\/li><li data-start=\"3819\" data-end=\"3977\"><p data-start=\"3821\" data-end=\"3977\">Donn\u00e9es de demande\u00a0: informations que l\u2019Utilisateur nous fournit dans des formulaires ou par courriel (par exemple, l\u2019\u00e9metteur de la carte, les dates, les documents).<\/p><\/li><li data-start=\"3978\" data-end=\"4103\"><p data-start=\"3980\" data-end=\"4103\">Donn\u00e9es techniques\u00a0: adresse IP, identifiants de l\u2019appareil, journaux et cookies techniques n\u00e9cessaires (voir la politique relative aux cookies).<\/p><\/li><\/ul><p data-start=\"4105\" data-end=\"4141\"><strong data-start=\"4105\" data-end=\"4139\">2. Finalit\u00e9s du traitement<\/strong><\/p><ul data-start=\"4142\" data-end=\"4650\"><li data-start=\"4142\" data-end=\"4266\"><p data-start=\"4144\" data-end=\"4266\">Traiter les demandes de renseignements et g\u00e9rer les demandes d&#039;information ou d&#039;\u00e9valuation de cas soumises par le biais de formulaires ou par courriel.<\/p><\/li><li data-start=\"4267\" data-end=\"4388\"><p data-start=\"4269\" data-end=\"4388\">Prestation de services juridiques et gestion de missions professionnelles, y compris les proc\u00e9dures pr\u00e9alables et judiciaires.<\/p><\/li><li data-start=\"4389\" data-end=\"4559\"><p data-start=\"4391\" data-end=\"4559\">Communications informatives relatives au service demand\u00e9 ou aux mises \u00e0 jour juridiques directement li\u00e9es \u00e0 votre demande (sans vis\u00e9e commerciale agressive).<\/p><\/li><li data-start=\"4560\" data-end=\"4650\"><p data-start=\"4562\" data-end=\"4650\">Conformit\u00e9 l\u00e9gale (pr\u00e9vention du blanchiment d&#039;argent le cas \u00e9ch\u00e9ant, fiscalit\u00e9 et comptabilit\u00e9).<\/p><\/li><\/ul><p data-start=\"4652\" data-end=\"4673\"><strong data-start=\"4652\" data-end=\"4671\">3. L\u00e9gitimation<\/strong><\/p><ul data-start=\"4674\" data-end=\"5077\"><li data-start=\"4674\" data-end=\"4778\"><p data-start=\"4676\" data-end=\"4778\">Consentement de l&#039;utilisateur (art. 6.1.a RGPD) pour r\u00e9pondre aux demandes re\u00e7ues via des formulaires\/courriel.<\/p><\/li><li data-start=\"4779\" data-end=\"4890\"><p data-start=\"4781\" data-end=\"4890\">Ex\u00e9cution d\u2019un contrat ou de mesures pr\u00e9contractuelles (art. 6.1.b RGPD) pour traiter la mission professionnelle.<\/p><\/li><li data-start=\"4891\" data-end=\"4950\"><p data-start=\"4893\" data-end=\"4950\">Respect des obligations l\u00e9gales (art. 6.1.c RGPD).<\/p><\/li><li data-start=\"4951\" data-end=\"5077\"><p data-start=\"4953\" data-end=\"5077\">Int\u00e9r\u00eat l\u00e9gitime (art. 6.1.f RGPD) \u00e0 maintenir la s\u00e9curit\u00e9 du Web, \u00e0 pr\u00e9venir la fraude et \u00e0 am\u00e9liorer la qualit\u00e9 du service.<\/p><\/li><\/ul><p data-start=\"5079\" data-end=\"5527\"><strong data-start=\"5079\" data-end=\"5108\">4. Dur\u00e9es de stockage<\/strong><\/p><p data-start=\"5079\" data-end=\"5527\">Nous conserverons vos donn\u00e9es aussi longtemps que n\u00e9cessaire pour r\u00e9pondre \u00e0 votre demande. Si une mission professionnelle est engag\u00e9e, vos donn\u00e9es seront conserv\u00e9es pendant toute la dur\u00e9e de cette mission et, apr\u00e8s sa cessation, pendant les d\u00e9lais l\u00e9gaux de prescription applicables aux obligations l\u00e9gales et\/ou \u00e0 la responsabilit\u00e9 professionnelle (entre 5 et 10 ans, selon l&#039;objet de la mission). Les donn\u00e9es li\u00e9es aux cookies techniques sont conserv\u00e9es conform\u00e9ment \u00e0 notre Politique relative aux cookies.<\/p><p data-start=\"5529\" data-end=\"5551\"><strong data-start=\"5529\" data-end=\"5549\">5. B\u00e9n\u00e9ficiaires<\/strong><\/p><ul data-start=\"5552\" data-end=\"5909\"><li data-start=\"5552\" data-end=\"5758\"><p data-start=\"5554\" data-end=\"5758\">Les fournisseurs de technologies (h\u00e9bergement web, messagerie \u00e9lectronique, outils bureautiques) agissant en tant que sous-traitants de donn\u00e9es conform\u00e9ment \u00e0 l&#039;article 28 du RGPD, avec des contrats garantissant la confidentialit\u00e9 et la s\u00e9curit\u00e9.<\/p><\/li><li data-start=\"5759\" data-end=\"5909\"><p data-start=\"5761\" data-end=\"5909\">Les administrations publiques et les instances judiciaires lorsqu&#039;il existe une obligation ou une exigence l\u00e9gale.<br data-start=\"5855\" data-end=\"5858\" \/>Les donn\u00e9es ne sont pas partag\u00e9es avec des tiers \u00e0 des fins commerciales.<\/p><\/li><\/ul><p data-start=\"5911\" data-end=\"6223\"><strong data-start=\"5911\" data-end=\"5948\">6. Transferts internationaux<\/strong><\/p><p data-start=\"5911\" data-end=\"6223\">Si nos fournisseurs de technologies sont situ\u00e9s en dehors de l&#039;Espace \u00e9conomique europ\u00e9en, nous adopterons des garanties appropri\u00e9es (par exemple, des clauses contractuelles types approuv\u00e9es par la Commission europ\u00e9enne) ou v\u00e9rifierons l&#039;existence d&#039;une d\u00e9cision d&#039;ad\u00e9quation (art. 45-46 du RGPD).<\/p><p data-start=\"6225\" data-end=\"6592\"><strong data-start=\"6225\" data-end=\"6256\">7. Droits des personnes<\/strong><\/p><p data-start=\"6225\" data-end=\"6592\">Vous pouvez exercer vos droits d&#039;acc\u00e8s, de rectification, d&#039;effacement, d&#039;opposition, de limitation du traitement et de portabilit\u00e9 des donn\u00e9es en nous contactant \u00e0 l&#039;adresse \u00e9lectronique indiqu\u00e9e. Vous avez \u00e9galement le droit de retirer votre consentement \u00e0 tout moment lorsque le traitement de vos donn\u00e9es est fond\u00e9 sur ce consentement, sans que cela n&#039;affecte la lic\u00e9it\u00e9 du traitement fond\u00e9 sur le consentement effectu\u00e9 avant ce retrait.<\/p><p data-start=\"6594\" data-end=\"6771\">Si vous estimez que vos droits n&#039;ont pas \u00e9t\u00e9 respect\u00e9s, vous pouvez d\u00e9poser une plainte aupr\u00e8s de l&#039;Agence espagnole de protection des donn\u00e9es (AEPD) \u00e0 l&#039;adresse suivante\u00a0: <a class=\"decorated-link\" href=\"http:\/\/www.aepd.es\" target=\"_new\" rel=\"noopener\" data-start=\"6737\" data-end=\"6770\">www.aepd.es<\/a>.<\/p><p data-start=\"6773\" data-end=\"7041\"><strong data-start=\"6773\" data-end=\"6789\">8. S\u00e9curit\u00e9<\/strong><\/p><p data-start=\"6773\" data-end=\"7041\">Nous appliquons des mesures techniques et organisationnelles appropri\u00e9es pour assurer un niveau de s\u00e9curit\u00e9 adapt\u00e9 au risque, en tenant compte de l&#039;\u00e9tat de l&#039;art, des co\u00fbts de mise en \u0153uvre et de la nature, de la port\u00e9e, du contexte et des finalit\u00e9s du traitement.<\/p><p data-start=\"7043\" data-end=\"7259\"><strong data-start=\"7043\" data-end=\"7057\">9. Mineurs<\/strong><\/p><p data-start=\"7043\" data-end=\"7259\">Nos services ne s&#039;adressent pas aux enfants de moins de 14 ans. Si nous constatons un traitement de donn\u00e9es appartenant \u00e0 des mineurs sans consentement valable, nous supprimerons ces informations avec diligence et dans les meilleurs d\u00e9lais.<\/p><p data-start=\"7261\" data-end=\"7491\"><strong data-start=\"7261\" data-end=\"7286\">10. Donn\u00e9es tierces<\/strong><\/p><p data-start=\"7261\" data-end=\"7491\">L\u2019Utilisateur garantit que les donn\u00e9es fournies sont exactes, \u00e0 jour et v\u00e9ridiques, et que, dans le cas de la fourniture de donn\u00e9es de tiers, il a leur autorisation et les a inform\u00e9s de la pr\u00e9sente Politique de confidentialit\u00e9.<\/p>\t\t\t\t\t\t\t\t<\/div>\n\t\t\t\t\t<\/div>\n\t\t\t\t<\/div>\n\t\t\t\t<\/div>","protected":false},"excerpt":{"rendered":"<p>Protegemos tus datos personales con total transparencia. Responsable del tratamiento: Adoraci\u00f3n Taboada Gavil\u00e1nNIF: 78728891-YDomicilio: Paseo Milicias de Garachico, n\u00fam. 5, Edf. San Francisco, Planta 1, Oficina 4, 38001 \u2013 Santa Cruz de Tenerife (Espa\u00f1a)Correo: consumo.bo2lex@gmail.com Esta pol\u00edtica explica c\u00f3mo tratamos los datos personales de los usuarios, conforme al Reglamento (UE) 2016\/679 (RGPD) y a la [&hellip;]<\/p>","protected":false},"author":1,"featured_media":0,"parent":0,"menu_order":0,"comment_status":"closed","ping_status":"closed","template":"elementor_header_footer","meta":{"_joinchat":[],"footnotes":""},"class_list":["post-60","page","type-page","status-publish","hentry"],"_links":{"self":[{"href":"https:\/\/abogadotarjetasrevolving.com\/fr\/wp-json\/wp\/v2\/pages\/60","targetHints":{"allow":["GET"]}}],"collection":[{"href":"https:\/\/abogadotarjetasrevolving.com\/fr\/wp-json\/wp\/v2\/pages"}],"about":[{"href":"https:\/\/abogadotarjetasrevolving.com\/fr\/wp-json\/wp\/v2\/types\/page"}],"author":[{"embeddable":true,"href":"https:\/\/abogadotarjetasrevolving.com\/fr\/wp-json\/wp\/v2\/users\/1"}],"replies":[{"embeddable":true,"href":"https:\/\/abogadotarjetasrevolving.com\/fr\/wp-json\/wp\/v2\/comments?post=60"}],"version-history":[{"count":28,"href":"https:\/\/abogadotarjetasrevolving.com\/fr\/wp-json\/wp\/v2\/pages\/60\/revisions"}],"predecessor-version":[{"id":570,"href":"https:\/\/abogadotarjetasrevolving.com\/fr\/wp-json\/wp\/v2\/pages\/60\/revisions\/570"}],"wp:attachment":[{"href":"https:\/\/abogadotarjetasrevolving.com\/fr\/wp-json\/wp\/v2\/media?parent=60"}],"curies":[{"name":"wp","href":"https:\/\/api.w.org\/{rel}","templated":true}]}}