{"id":370,"date":"2025-10-18T20:33:20","date_gmt":"2025-10-18T20:33:20","guid":{"rendered":"https:\/\/abogadotarjetasrevolving.com\/?page_id=370"},"modified":"2025-10-24T13:26:34","modified_gmt":"2025-10-24T13:26:34","slug":"politicas-de-cookies","status":"publish","type":"page","link":"https:\/\/abogadotarjetasrevolving.com\/it\/politicas-de-cookies\/","title":{"rendered":"Informativa sui cookie"},"content":{"rendered":"<div data-elementor-type=\"wp-page\" data-elementor-id=\"370\" class=\"elementor elementor-370\" data-elementor-post-type=\"page\">\n\t\t\t\t<div class=\"elementor-element elementor-element-4b3f9ee8 e-flex e-con-boxed e-con e-parent\" data-id=\"4b3f9ee8\" data-element_type=\"container\" data-settings=\"{&quot;background_background&quot;:&quot;classic&quot;}\">\n\t\t\t\t\t<div class=\"e-con-inner\">\n\t\t<div class=\"elementor-element elementor-element-12dc5f49 e-flex e-con-boxed e-con e-child\" data-id=\"12dc5f49\" data-element_type=\"container\">\n\t\t\t\t\t<div class=\"e-con-inner\">\n\t\t\t\t<div class=\"elementor-element elementor-element-2e8aacb3 elementor-invisible elementor-widget elementor-widget-heading\" data-id=\"2e8aacb3\" data-element_type=\"widget\" data-settings=\"{&quot;_animation&quot;:&quot;zoomIn&quot;}\" data-widget_type=\"heading.default\">\n\t\t\t\t\t<h1 class=\"elementor-heading-title elementor-size-default\">Informativa sui cookie<\/h1>\t\t\t\t<\/div>\n\t\t\t\t<div class=\"elementor-element elementor-element-705e7b33 elementor-invisible elementor-widget elementor-widget-heading\" data-id=\"705e7b33\" data-element_type=\"widget\" data-settings=\"{&quot;_animation&quot;:&quot;zoomInUp&quot;}\" data-widget_type=\"heading.default\">\n\t\t\t\t\t<h4 class=\"elementor-heading-title elementor-size-default\">Proteggiamo i tuoi dati personali con la massima trasparenza.<\/h4>\t\t\t\t<\/div>\n\t\t\t\t\t<\/div>\n\t\t\t\t<\/div>\n\t\t\t\t\t<\/div>\n\t\t\t\t<\/div>\n\t\t<div class=\"elementor-element elementor-element-010b756 e-flex e-con-boxed e-con e-parent\" data-id=\"010b756\" data-element_type=\"container\">\n\t\t\t\t\t<div class=\"e-con-inner\">\n\t\t\t\t<div class=\"elementor-element elementor-element-5220648 elementor-invisible elementor-widget elementor-widget-text-editor\" data-id=\"5220648\" data-element_type=\"widget\" data-settings=\"{&quot;_animation&quot;:&quot;fadeIn&quot;}\" data-widget_type=\"text-editor.default\">\n\t\t\t\t\t\t\t\t\t<p data-start=\"7523\" data-end=\"7635\">La presente Informativa sui cookie spiega cosa sono i cookie, quali tipologie utilizziamo sul Web e come \u00e8 possibile configurarli.<\/p><p data-start=\"7637\" data-end=\"8023\"><strong data-start=\"7637\" data-end=\"7665\">1. Cosa sono i cookie?<\/strong><\/p><p data-start=\"7637\" data-end=\"8023\">I cookie sono piccoli file che vengono scaricati sul tuo dispositivo quando accedi a determinati siti web. Consentono, tra le altre cose, di memorizzare e recuperare informazioni sulle tue abitudini di navigazione o sul tuo dispositivo e, a seconda delle informazioni che contengono e di come utilizzi il tuo dispositivo, possono essere utilizzati per riconoscerti.<\/p><p data-start=\"8025\" data-end=\"8373\"><strong data-start=\"8025\" data-end=\"8071\">2. Quali tipi di cookie utilizza questo sito web?<\/strong><\/p><p data-start=\"8025\" data-end=\"8373\">A partire dall&#039;ultimo aggiornamento della presente Policy, il Sito utilizza esclusivamente cookie tecnici o necessari per consentire la navigazione, la sicurezza e il corretto funzionamento del sito (ad esempio, ricordare la preferenza della lingua, gestire il login o la sicurezza dei moduli).<\/p><p data-start=\"8375\" data-end=\"8699\">Non utilizziamo cookie analitici o pubblicitari senza il tuo previo consenso. Qualora dovessimo incorporarli in futuro (ad esempio, Google Analytics o pixel dei social media), sarai debitamente informato, la presente Informativa verr\u00e0 aggiornata e il tuo consenso verr\u00e0 richiesto tramite il banner delle impostazioni corrispondente.<\/p><p data-start=\"8701\" data-end=\"8741\"><strong data-start=\"8701\" data-end=\"8739\">2.1. Cookie tecnici (necessari)<\/strong><\/p><ul data-start=\"8742\" data-end=\"9069\"><li data-start=\"8742\" data-end=\"8835\"><p data-start=\"8744\" data-end=\"8835\"><strong data-start=\"8744\" data-end=\"8758\">Scopo:<\/strong> Abilita le funzioni web essenziali, la sicurezza e l&#039;accessibilit\u00e0.<\/p><\/li><li data-start=\"8836\" data-end=\"8937\"><p data-start=\"8838\" data-end=\"8937\"><strong data-start=\"8838\" data-end=\"8856\">Base giuridica:<\/strong> legittimo interesse del Titolare al funzionamento del Sito (art. 6.1.f GDPR).<\/p><\/li><li data-start=\"8938\" data-end=\"9069\"><p data-start=\"8940\" data-end=\"9069\"><strong data-start=\"8940\" data-end=\"8957\">Conservazione:<\/strong> nel corso della sessione e, se del caso, per brevi periodi strettamente necessari alle finalit\u00e0 indicate.<\/p><\/li><\/ul><p data-start=\"9071\" data-end=\"9184\">Esempi comuni: cookie di sessione del server, bilanciamento del carico, accettazione dei cookie, protezione CSRF.<\/p><p data-start=\"9186\" data-end=\"9479\"><strong data-start=\"9186\" data-end=\"9227\">3. Gestione e configurazione dei cookie<\/strong><\/p><p data-start=\"9186\" data-end=\"9479\">Puoi accettare o rifiutare i cookie tramite le impostazioni del tuo browser. Tieni presente che il blocco di alcuni cookie potrebbe compromettere la funzionalit\u00e0 del sito web. Di seguito sono riportati i link di supporto per i browser pi\u00f9 comuni:<\/p><ul data-start=\"9480\" data-end=\"9522\"><li data-start=\"9480\" data-end=\"9490\"><p data-start=\"9482\" data-end=\"9490\">Cromo<\/p><\/li><li data-start=\"9491\" data-end=\"9502\"><p data-start=\"9493\" data-end=\"9502\">Firefox<\/p><\/li><li data-start=\"9503\" data-end=\"9511\"><p data-start=\"9505\" data-end=\"9511\">Bordo<\/p><\/li><li data-start=\"9512\" data-end=\"9522\"><p data-start=\"9514\" data-end=\"9522\">Safari<\/p><\/li><\/ul><p data-start=\"9524\" data-end=\"9600\">(Per informazioni aggiornate, consultare la sezione della guida del browser.).<\/p><p data-start=\"9602\" data-end=\"9802\"><strong data-start=\"9602\" data-end=\"9639\">4. Trasferimenti internazionali<\/strong><\/p><p data-start=\"9602\" data-end=\"9802\">Nel caso in cui utilizzassimo cookie di terze parti installati al di fuori dello SEE, saranno adottate misure di sicurezza appropriate ai sensi degli articoli 44 e seguenti del GDPR.<\/p><p data-start=\"9804\" data-end=\"10032\"><strong data-start=\"9804\" data-end=\"9850\">5. Aggiornamento della politica sui cookie<\/strong><\/p><p data-start=\"9804\" data-end=\"10032\">Potremmo aggiornare la presente Informativa per riflettere modifiche legali o tecniche. Qualora le modifiche fossero significative, informeremo l&#039;Utente tramite mezzi visibili sul Sito Web.<\/p><p data-start=\"10034\" data-end=\"10091\"><strong data-start=\"10034\" data-end=\"10068\">Ultimo aggiornamento:<\/strong> 24 ottobre 2025.<\/p>\t\t\t\t\t\t\t\t<\/div>\n\t\t\t\t\t<\/div>\n\t\t\t\t<\/div>\n\t\t\t\t<\/div>","protected":false},"excerpt":{"rendered":"<p>Protegemos tus datos personales con total transparencia. Esta Pol\u00edtica de Cookies explica qu\u00e9 son las cookies, qu\u00e9 tipos utilizamos en la Web y c\u00f3mo puede configurarlas. 1. \u00bfQu\u00e9 son las cookies? Las cookies son peque\u00f1os archivos que se descargan en su dispositivo al acceder a determinadas p\u00e1ginas web. Permiten, entre otras cosas, guardar y recuperar [&hellip;]<\/p>","protected":false},"author":1,"featured_media":0,"parent":0,"menu_order":0,"comment_status":"closed","ping_status":"closed","template":"elementor_header_footer","meta":{"_joinchat":[],"footnotes":""},"class_list":["post-370","page","type-page","status-publish","hentry"],"_links":{"self":[{"href":"https:\/\/abogadotarjetasrevolving.com\/it\/wp-json\/wp\/v2\/pages\/370","targetHints":{"allow":["GET"]}}],"collection":[{"href":"https:\/\/abogadotarjetasrevolving.com\/it\/wp-json\/wp\/v2\/pages"}],"about":[{"href":"https:\/\/abogadotarjetasrevolving.com\/it\/wp-json\/wp\/v2\/types\/page"}],"author":[{"embeddable":true,"href":"https:\/\/abogadotarjetasrevolving.com\/it\/wp-json\/wp\/v2\/users\/1"}],"replies":[{"embeddable":true,"href":"https:\/\/abogadotarjetasrevolving.com\/it\/wp-json\/wp\/v2\/comments?post=370"}],"version-history":[{"count":13,"href":"https:\/\/abogadotarjetasrevolving.com\/it\/wp-json\/wp\/v2\/pages\/370\/revisions"}],"predecessor-version":[{"id":573,"href":"https:\/\/abogadotarjetasrevolving.com\/it\/wp-json\/wp\/v2\/pages\/370\/revisions\/573"}],"wp:attachment":[{"href":"https:\/\/abogadotarjetasrevolving.com\/it\/wp-json\/wp\/v2\/media?parent=370"}],"curies":[{"name":"wp","href":"https:\/\/api.w.org\/{rel}","templated":true}]}}