{"id":378,"date":"2025-10-18T20:34:52","date_gmt":"2025-10-18T20:34:52","guid":{"rendered":"https:\/\/abogadotarjetasrevolving.com\/?page_id=378"},"modified":"2025-10-24T13:28:05","modified_gmt":"2025-10-24T13:28:05","slug":"aviso-legal","status":"publish","type":"page","link":"https:\/\/abogadotarjetasrevolving.com\/it\/aviso-legal\/","title":{"rendered":"Avviso legale"},"content":{"rendered":"<div data-elementor-type=\"wp-page\" data-elementor-id=\"378\" class=\"elementor elementor-378\" data-elementor-post-type=\"page\">\n\t\t\t\t<div class=\"elementor-element elementor-element-4b3f9ee8 e-flex e-con-boxed e-con e-parent\" data-id=\"4b3f9ee8\" data-element_type=\"container\" data-settings=\"{&quot;background_background&quot;:&quot;classic&quot;}\">\n\t\t\t\t\t<div class=\"e-con-inner\">\n\t\t<div class=\"elementor-element elementor-element-12dc5f49 e-flex e-con-boxed e-con e-child\" data-id=\"12dc5f49\" data-element_type=\"container\">\n\t\t\t\t\t<div class=\"e-con-inner\">\n\t\t\t\t<div class=\"elementor-element elementor-element-2e8aacb3 elementor-invisible elementor-widget elementor-widget-heading\" data-id=\"2e8aacb3\" data-element_type=\"widget\" data-settings=\"{&quot;_animation&quot;:&quot;zoomIn&quot;}\" data-widget_type=\"heading.default\">\n\t\t\t\t\t<h1 class=\"elementor-heading-title elementor-size-default\">Avviso legale<\/h1>\t\t\t\t<\/div>\n\t\t\t\t<div class=\"elementor-element elementor-element-705e7b33 elementor-invisible elementor-widget elementor-widget-heading\" data-id=\"705e7b33\" data-element_type=\"widget\" data-settings=\"{&quot;_animation&quot;:&quot;zoomInUp&quot;}\" data-widget_type=\"heading.default\">\n\t\t\t\t\t<h4 class=\"elementor-heading-title elementor-size-default\">Proteggiamo i tuoi dati personali con la massima trasparenza.<\/h4>\t\t\t\t<\/div>\n\t\t\t\t\t<\/div>\n\t\t\t\t<\/div>\n\t\t\t\t\t<\/div>\n\t\t\t\t<\/div>\n\t\t<div class=\"elementor-element elementor-element-010b756 e-flex e-con-boxed e-con e-parent\" data-id=\"010b756\" data-element_type=\"container\">\n\t\t\t\t\t<div class=\"e-con-inner\">\n\t\t\t\t<div class=\"elementor-element elementor-element-5220648 elementor-invisible elementor-widget elementor-widget-text-editor\" data-id=\"5220648\" data-element_type=\"widget\" data-settings=\"{&quot;_animation&quot;:&quot;fadeIn&quot;}\" data-widget_type=\"text-editor.default\">\n\t\t\t\t\t\t\t\t\t<p data-start=\"277\" data-end=\"682\"><strong data-start=\"277\" data-end=\"303\">Proprietario del sito web:<\/strong> Adoraci\u00f3n Taboada Gavil\u00e1n (di seguito, il \u201cTitolare\u201d)<br data-start=\"357\" data-end=\"360\" \/><strong data-start=\"360\" data-end=\"368\">NIF:<\/strong> 78728891-Y<br data-start=\"379\" data-end=\"382\" \/><strong data-start=\"382\" data-end=\"396\">Casa:<\/strong> Paseo Milicias de Garachico, n. 5, Edf. San Francisco, Piano 1, Ufficio 4, 38001 \u2013 Santa Cruz de Tenerife (Spagna)<br data-start=\"514\" data-end=\"517\" \/><strong data-start=\"517\" data-end=\"528\">Posta:<\/strong> <a class=\"decorated-link\" href=\"mailto:consumo.bo2lex@gmail.com\" rel=\"noopener\" data-start=\"529\" data-end=\"588\">consumption.bo2lex@gmail.com<\/a><br data-start=\"588\" data-end=\"591\" \/><strong data-start=\"591\" data-end=\"603\">Dominio:<\/strong> <a class=\"decorated-link\" href=\"https:\/\/abogadotarjetasrevolving.com\/it\/\" target=\"_new\" rel=\"noopener\" data-start=\"604\" data-end=\"682\">https:\/\/abogadotarjetasrevolving.com\/<\/a><\/p><p data-start=\"684\" data-end=\"875\">Il presente Avviso Legale regola l&#039;accesso e l&#039;utilizzo del sito web (di seguito, il &quot;Sito Web&quot;). L&#039;accesso e\/o l&#039;utilizzo del Sito Web conferisce la condizione di utente e implica l&#039;accettazione del presente Avviso Legale.<\/p><p data-start=\"877\" data-end=\"1120\"><strong data-start=\"877\" data-end=\"913\">1. Oggetto e ambito di applicazione<\/strong><\/p><p data-start=\"877\" data-end=\"1120\">Lo scopo di questo sito web \u00e8 quello di offrire informazioni e servizi legali relativi a reclami riguardanti carte di credito revolving, prodotti finanziari e tutela dei consumatori nei confronti degli istituti finanziari.<\/p><p data-start=\"1122\" data-end=\"1554\"><strong data-start=\"1122\" data-end=\"1147\">2. Condizioni d&#039;uso<\/strong><\/p><p data-start=\"1122\" data-end=\"1554\">L&#039;Utente accetta di:<br data-start=\"1177\" data-end=\"1180\" \/>(i) non svolgere attivit\u00e0 illecite, illegali o contrarie alla buona fede e all&#039;ordine pubblico;<br data-start=\"1273\" data-end=\"1276\" \/>(ii) non diffondere contenuti o propaganda di natura razzista, xenofoba, pornografica-illegale, di apologia del terrorismo o di attentato ai diritti umani;<br data-start=\"1438\" data-end=\"1441\" \/>(iii) non arrecare danno ai sistemi fisici e logici del Titolare, dei suoi fornitori o di terzi.<\/p><p data-start=\"1556\" data-end=\"2069\"><strong data-start=\"1556\" data-end=\"1597\">3. Propriet\u00e0 intellettuale e industriale<\/strong><\/p><p data-start=\"1556\" data-end=\"2069\">Tutti i contenuti di questo sito web (testi, fotografie, grafica, loghi, icone, software, design grafico, ecc.) sono di propriet\u00e0 del Titolare o di terzi che ne hanno autorizzato l&#039;utilizzo. La riproduzione, la distribuzione, la comunicazione pubblica, la trasformazione o qualsiasi altro sfruttamento sono vietati senza l&#039;espressa autorizzazione del Titolare. L&#039;uso non autorizzato delle informazioni e dei materiali presenti su questo sito web pu\u00f2 comportare azioni legali.<\/p><p data-start=\"2071\" data-end=\"2442\"><strong data-start=\"2071\" data-end=\"2085\">4. Collegamenti<\/strong><\/p><p data-start=\"2071\" data-end=\"2442\">Il sito web potrebbe contenere link a siti di terze parti. Il Titolare non si assume alcuna responsabilit\u00e0 per i contenuti, le informazioni o i servizi che potrebbero apparire su tali siti, che sono forniti esclusivamente a scopo informativo e non implicano in alcun modo alcun rapporto, approvazione o avallo tra il Titolare e le persone o entit\u00e0 che possiedono o gestiscono tali contenuti.<\/p><p data-start=\"2444\" data-end=\"2862\"><strong data-start=\"2444\" data-end=\"2466\">5. Responsabilit\u00e0<\/strong><\/p><p data-start=\"2444\" data-end=\"2862\">Il Titolare non garantisce la disponibilit\u00e0, la continuit\u00e0 o l&#039;infallibilit\u00e0 del funzionamento del Sito Web e, di conseguenza, esclude, nella misura massima consentita dalla normativa vigente, qualsiasi responsabilit\u00e0 per danni di qualsiasi natura che possano essere dovuti alla mancanza di disponibilit\u00e0 o continuit\u00e0 del funzionamento del Sito Web e dei servizi ivi abilitati.<\/p><p data-start=\"2864\" data-end=\"3210\"><strong data-start=\"2864\" data-end=\"2905\">6. Norme applicabili e giurisdizione<\/strong><\/p><p data-start=\"2864\" data-end=\"3210\">Il presente Avviso Legale \u00e8 regolato dalla legge spagnola. Per qualsiasi controversia derivante dall&#039;accesso o dall&#039;utilizzo del Sito Web, l&#039;Utente si sottopone alla giurisdizione dei tribunali di Santa Cruz de Tenerife, salvo che le normative in materia di consumatori e utenti stabiliscano un altro foro obbligatorio.<\/p>\t\t\t\t\t\t\t\t<\/div>\n\t\t\t\t\t<\/div>\n\t\t\t\t<\/div>\n\t\t\t\t<\/div>","protected":false},"excerpt":{"rendered":"<p>Protegemos tus datos personales con total transparencia. Titular del sitio web: Adoraci\u00f3n Taboada Gavil\u00e1n (en adelante, el \u201cTitular\u201d)NIF: 78728891-YDomicilio: Paseo Milicias de Garachico, n\u00fam. 5, Edf. San Francisco, Planta 1, Oficina 4, 38001 \u2013 Santa Cruz de Tenerife (Espa\u00f1a)Correo: consumo.bo2lex@gmail.comDominio: https:\/\/abogadotarjetasrevolving.com\/ El presente Aviso Legal regula el acceso y uso del sitio web (en adelante, [&hellip;]<\/p>","protected":false},"author":1,"featured_media":0,"parent":0,"menu_order":0,"comment_status":"closed","ping_status":"closed","template":"elementor_header_footer","meta":{"_joinchat":[],"footnotes":""},"class_list":["post-378","page","type-page","status-publish","hentry"],"_links":{"self":[{"href":"https:\/\/abogadotarjetasrevolving.com\/it\/wp-json\/wp\/v2\/pages\/378","targetHints":{"allow":["GET"]}}],"collection":[{"href":"https:\/\/abogadotarjetasrevolving.com\/it\/wp-json\/wp\/v2\/pages"}],"about":[{"href":"https:\/\/abogadotarjetasrevolving.com\/it\/wp-json\/wp\/v2\/types\/page"}],"author":[{"embeddable":true,"href":"https:\/\/abogadotarjetasrevolving.com\/it\/wp-json\/wp\/v2\/users\/1"}],"replies":[{"embeddable":true,"href":"https:\/\/abogadotarjetasrevolving.com\/it\/wp-json\/wp\/v2\/comments?post=378"}],"version-history":[{"count":13,"href":"https:\/\/abogadotarjetasrevolving.com\/it\/wp-json\/wp\/v2\/pages\/378\/revisions"}],"predecessor-version":[{"id":576,"href":"https:\/\/abogadotarjetasrevolving.com\/it\/wp-json\/wp\/v2\/pages\/378\/revisions\/576"}],"wp:attachment":[{"href":"https:\/\/abogadotarjetasrevolving.com\/it\/wp-json\/wp\/v2\/media?parent=378"}],"curies":[{"name":"wp","href":"https:\/\/api.w.org\/{rel}","templated":true}]}}