{"id":60,"date":"2025-10-18T15:34:24","date_gmt":"2025-10-18T15:34:24","guid":{"rendered":"https:\/\/abogadotarjetasrevolving.com\/?page_id=60"},"modified":"2025-10-24T13:24:41","modified_gmt":"2025-10-24T13:24:41","slug":"politicas-de-privacidad","status":"publish","type":"page","link":"https:\/\/abogadotarjetasrevolving.com\/it\/politicas-de-privacidad\/","title":{"rendered":"Informativa sulla privacy"},"content":{"rendered":"<div data-elementor-type=\"wp-page\" data-elementor-id=\"60\" class=\"elementor elementor-60\" data-elementor-post-type=\"page\">\n\t\t\t\t<div class=\"elementor-element elementor-element-4b3f9ee8 e-flex e-con-boxed e-con e-parent\" data-id=\"4b3f9ee8\" data-element_type=\"container\" data-settings=\"{&quot;background_background&quot;:&quot;classic&quot;}\">\n\t\t\t\t\t<div class=\"e-con-inner\">\n\t\t<div class=\"elementor-element elementor-element-12dc5f49 e-flex e-con-boxed e-con e-child\" data-id=\"12dc5f49\" data-element_type=\"container\">\n\t\t\t\t\t<div class=\"e-con-inner\">\n\t\t\t\t<div class=\"elementor-element elementor-element-2e8aacb3 elementor-invisible elementor-widget elementor-widget-heading\" data-id=\"2e8aacb3\" data-element_type=\"widget\" data-settings=\"{&quot;_animation&quot;:&quot;zoomIn&quot;}\" data-widget_type=\"heading.default\">\n\t\t\t\t\t<h1 class=\"elementor-heading-title elementor-size-default\">Informativa sulla privacy<\/h1>\t\t\t\t<\/div>\n\t\t\t\t<div class=\"elementor-element elementor-element-705e7b33 elementor-invisible elementor-widget elementor-widget-heading\" data-id=\"705e7b33\" data-element_type=\"widget\" data-settings=\"{&quot;_animation&quot;:&quot;zoomInUp&quot;}\" data-widget_type=\"heading.default\">\n\t\t\t\t\t<h4 class=\"elementor-heading-title elementor-size-default\">Proteggiamo i tuoi dati personali con la massima trasparenza.<\/h4>\t\t\t\t<\/div>\n\t\t\t\t\t<\/div>\n\t\t\t\t<\/div>\n\t\t\t\t\t<\/div>\n\t\t\t\t<\/div>\n\t\t<div class=\"elementor-element elementor-element-010b756 e-flex e-con-boxed e-con e-parent\" data-id=\"010b756\" data-element_type=\"container\">\n\t\t\t\t\t<div class=\"e-con-inner\">\n\t\t\t\t<div class=\"elementor-element elementor-element-5220648 elementor-invisible elementor-widget elementor-widget-text-editor\" data-id=\"5220648\" data-element_type=\"widget\" data-settings=\"{&quot;_animation&quot;:&quot;fadeIn&quot;}\" data-widget_type=\"text-editor.default\">\n\t\t\t\t\t\t\t\t\t<p data-start=\"3245\" data-end=\"3534\"><strong data-start=\"3245\" data-end=\"3277\">Titolare del trattamento dei dati:<\/strong> Adorazione Taboada Gavil\u00e1n<br data-start=\"3303\" data-end=\"3306\" \/><strong data-start=\"3306\" data-end=\"3314\">NIF:<\/strong> 78728891-Y<br data-start=\"3325\" data-end=\"3328\" \/><strong data-start=\"3328\" data-end=\"3342\">Casa:<\/strong> Paseo Milicias de Garachico, n. 5, Edf. San Francisco, Piano 1, Ufficio 4, 38001 \u2013 Santa Cruz de Tenerife (Spagna)<br data-start=\"3460\" data-end=\"3463\" \/><strong data-start=\"3463\" data-end=\"3474\">Posta:<\/strong> <a class=\"decorated-link\" href=\"mailto:consumo.bo2lex@gmail.com\" rel=\"noopener\" data-start=\"3475\" data-end=\"3534\">consumption.bo2lex@gmail.com<\/a><\/p><p data-start=\"3536\" data-end=\"3676\">La presente informativa spiega come trattiamo i dati personali degli utenti, in conformit\u00e0 al Regolamento (UE) 2016\/679 (GDPR) e LOPDGDD 3\/2018.<\/p><p data-start=\"3678\" data-end=\"3758\"><strong data-start=\"3678\" data-end=\"3703\">1. Dati che elaboriamo<\/strong><\/p><p data-start=\"3678\" data-end=\"3758\">Possiamo elaborare le seguenti categorie di dati:<\/p><ul data-start=\"3759\" data-end=\"4103\"><li data-start=\"3759\" data-end=\"3818\"><p data-start=\"3761\" data-end=\"3818\">Informazioni di contatto: nome e cognome, email, telefono.<\/p><\/li><li data-start=\"3819\" data-end=\"3977\"><p data-start=\"3821\" data-end=\"3977\">Dati di richiesta: informazioni che l&#039;Utente ci fornisce tramite moduli o via e-mail (ad esempio, emittente della carta, date, documentazione).<\/p><\/li><li data-start=\"3978\" data-end=\"4103\"><p data-start=\"3980\" data-end=\"4103\">Dati tecnici: indirizzo IP, identificativi del dispositivo, log e cookie tecnici necessari (vedi Cookie Policy).<\/p><\/li><\/ul><p data-start=\"4105\" data-end=\"4141\"><strong data-start=\"4105\" data-end=\"4139\">2. Finalit\u00e0 del trattamento<\/strong><\/p><ul data-start=\"4142\" data-end=\"4650\"><li data-start=\"4142\" data-end=\"4266\"><p data-start=\"4144\" data-end=\"4266\">Per gestire le richieste di informazioni e gestire le richieste di valutazione dei casi inviate tramite moduli o e-mail.<\/p><\/li><li data-start=\"4267\" data-end=\"4388\"><p data-start=\"4269\" data-end=\"4388\">Fornitura di servizi legali e gestione di incarichi professionali, comprese le procedure pre-processuali e processuali.<\/p><\/li><li data-start=\"4389\" data-end=\"4559\"><p data-start=\"4391\" data-end=\"4559\">Comunicazioni informative relative al servizio richiesto o ad aggiornamenti legali direttamente collegati alla tua richiesta (senza finalit\u00e0 commerciali aggressive).<\/p><\/li><li data-start=\"4560\" data-end=\"4650\"><p data-start=\"4562\" data-end=\"4650\">Conformit\u00e0 legale (prevenzione del riciclaggio di denaro ove applicabile, fiscale e contabile).<\/p><\/li><\/ul><p data-start=\"4652\" data-end=\"4673\"><strong data-start=\"4652\" data-end=\"4671\">3. Legittimazione<\/strong><\/p><ul data-start=\"4674\" data-end=\"5077\"><li data-start=\"4674\" data-end=\"4778\"><p data-start=\"4676\" data-end=\"4778\">Consenso dell&#039;utente (art. 6.1.a GDPR) per rispondere alle richieste ricevute tramite moduli\/e-mail.<\/p><\/li><li data-start=\"4779\" data-end=\"4890\"><p data-start=\"4781\" data-end=\"4890\">Esecuzione di un contratto o di misure precontrattuali (art. 6.1.b GDPR) per l&#039;esecuzione dell&#039;incarico professionale.<\/p><\/li><li data-start=\"4891\" data-end=\"4950\"><p data-start=\"4893\" data-end=\"4950\">Adempimento degli obblighi di legge (art. 6.1.c GDPR).<\/p><\/li><li data-start=\"4951\" data-end=\"5077\"><p data-start=\"4953\" data-end=\"5077\">Interesse legittimo (art. 6.1.f GDPR) nel mantenere la sicurezza del Web, prevenire le frodi e migliorare la qualit\u00e0 del servizio.<\/p><\/li><\/ul><p data-start=\"5079\" data-end=\"5527\"><strong data-start=\"5079\" data-end=\"5108\">4. Periodi di conservazione<\/strong><\/p><p data-start=\"5079\" data-end=\"5527\">Conserveremo i tuoi dati per tutto il tempo necessario a rispondere alla tua richiesta. Qualora venga avviato un incarico professionale, i tuoi dati saranno conservati per tutta la durata del rapporto e, dopo la sua cessazione, per i termini di prescrizione previsti dalla legge per obblighi di legge e\/o responsabilit\u00e0 professionale (tra 5 e 10 anni, a seconda dell&#039;oggetto). I dati relativi ai cookie tecnici sono conservati come indicato nella Cookie Policy.<\/p><p data-start=\"5529\" data-end=\"5551\"><strong data-start=\"5529\" data-end=\"5549\">5. Destinatari<\/strong><\/p><ul data-start=\"5552\" data-end=\"5909\"><li data-start=\"5552\" data-end=\"5758\"><p data-start=\"5554\" data-end=\"5758\">Fornitori di tecnologia (web hosting, posta elettronica, strumenti per ufficio) che agiscono in qualit\u00e0 di responsabili del trattamento dei dati ai sensi dell&#039;articolo 28 del GDPR, con contratti che garantiscono riservatezza e sicurezza.<\/p><\/li><li data-start=\"5759\" data-end=\"5909\"><p data-start=\"5761\" data-end=\"5909\">Pubbliche amministrazioni e organi giudiziari quando sussiste un obbligo o una necessit\u00e0 di legge.<br data-start=\"5855\" data-end=\"5858\" \/>I dati non vengono condivisi con terze parti per scopi commerciali.<\/p><\/li><\/ul><p data-start=\"5911\" data-end=\"6223\"><strong data-start=\"5911\" data-end=\"5948\">6. Trasferimenti internazionali<\/strong><\/p><p data-start=\"5911\" data-end=\"6223\">Se i nostri fornitori di tecnologia si trovano al di fuori dello Spazio economico europeo, adotteremo misure di salvaguardia appropriate (ad esempio, clausole contrattuali standard approvate dalla Commissione europea) o verificheremo l&#039;esistenza di una decisione di adeguatezza (artt. 45-46 GDPR).<\/p><p data-start=\"6225\" data-end=\"6592\"><strong data-start=\"6225\" data-end=\"6256\">7. Diritti delle persone<\/strong><\/p><p data-start=\"6225\" data-end=\"6592\">Puoi esercitare i tuoi diritti di accesso, rettifica, cancellazione, opposizione, limitazione del trattamento e portabilit\u00e0 dei dati contattandoci all&#039;indirizzo email fornito. Hai inoltre il diritto di revocare il tuo consenso in qualsiasi momento, qualora la base giuridica del trattamento sia il consenso, senza pregiudicare la liceit\u00e0 del trattamento basata sul consenso prima della revoca.<\/p><p data-start=\"6594\" data-end=\"6771\">Se ritieni che i tuoi diritti non siano stati rispettati, puoi presentare un reclamo all&#039;Agenzia spagnola per la protezione dei dati (AEPD) all&#039;indirizzo <a class=\"decorated-link\" href=\"http:\/\/www.aepd.es\" target=\"_new\" rel=\"noopener\" data-start=\"6737\" data-end=\"6770\">www.aepd.es<\/a>.<\/p><p data-start=\"6773\" data-end=\"7041\"><strong data-start=\"6773\" data-end=\"6789\">8. Sicurezza<\/strong><\/p><p data-start=\"6773\" data-end=\"7041\">Applichiamo misure tecniche e organizzative adeguate per garantire un livello di sicurezza adeguato al rischio, tenendo conto dello stato dell&#039;arte, dei costi di attuazione, nonch\u00e9 della natura, dell&#039;ambito di applicazione, del contesto e delle finalit\u00e0 del trattamento.<\/p><p data-start=\"7043\" data-end=\"7259\"><strong data-start=\"7043\" data-end=\"7057\">9. Minorenni<\/strong><\/p><p data-start=\"7043\" data-end=\"7259\">I nostri servizi non sono rivolti a minori di 14 anni. Qualora dovessimo rilevare il trattamento di dati appartenenti a minori senza un valido consenso, elimineremo tali informazioni con ragionevolezza e diligenza.<\/p><p data-start=\"7261\" data-end=\"7491\"><strong data-start=\"7261\" data-end=\"7286\">10. Dati di terze parti<\/strong><\/p><p data-start=\"7261\" data-end=\"7491\">L&#039;Utente garantisce che i dati forniti sono accurati, aggiornati e veritieri e che, nel caso di fornitura di dati di terzi, ha la loro autorizzazione e li ha informati della presente Informativa sulla privacy.<\/p>\t\t\t\t\t\t\t\t<\/div>\n\t\t\t\t\t<\/div>\n\t\t\t\t<\/div>\n\t\t\t\t<\/div>","protected":false},"excerpt":{"rendered":"<p>Protegemos tus datos personales con total transparencia. Responsable del tratamiento: Adoraci\u00f3n Taboada Gavil\u00e1nNIF: 78728891-YDomicilio: Paseo Milicias de Garachico, n\u00fam. 5, Edf. San Francisco, Planta 1, Oficina 4, 38001 \u2013 Santa Cruz de Tenerife (Espa\u00f1a)Correo: consumo.bo2lex@gmail.com Esta pol\u00edtica explica c\u00f3mo tratamos los datos personales de los usuarios, conforme al Reglamento (UE) 2016\/679 (RGPD) y a la [&hellip;]<\/p>","protected":false},"author":1,"featured_media":0,"parent":0,"menu_order":0,"comment_status":"closed","ping_status":"closed","template":"elementor_header_footer","meta":{"_joinchat":[],"footnotes":""},"class_list":["post-60","page","type-page","status-publish","hentry"],"_links":{"self":[{"href":"https:\/\/abogadotarjetasrevolving.com\/it\/wp-json\/wp\/v2\/pages\/60","targetHints":{"allow":["GET"]}}],"collection":[{"href":"https:\/\/abogadotarjetasrevolving.com\/it\/wp-json\/wp\/v2\/pages"}],"about":[{"href":"https:\/\/abogadotarjetasrevolving.com\/it\/wp-json\/wp\/v2\/types\/page"}],"author":[{"embeddable":true,"href":"https:\/\/abogadotarjetasrevolving.com\/it\/wp-json\/wp\/v2\/users\/1"}],"replies":[{"embeddable":true,"href":"https:\/\/abogadotarjetasrevolving.com\/it\/wp-json\/wp\/v2\/comments?post=60"}],"version-history":[{"count":28,"href":"https:\/\/abogadotarjetasrevolving.com\/it\/wp-json\/wp\/v2\/pages\/60\/revisions"}],"predecessor-version":[{"id":570,"href":"https:\/\/abogadotarjetasrevolving.com\/it\/wp-json\/wp\/v2\/pages\/60\/revisions\/570"}],"wp:attachment":[{"href":"https:\/\/abogadotarjetasrevolving.com\/it\/wp-json\/wp\/v2\/media?parent=60"}],"curies":[{"name":"wp","href":"https:\/\/api.w.org\/{rel}","templated":true}]}}